{"id":37,"date":"2022-04-25T13:33:21","date_gmt":"2022-04-25T11:33:21","guid":{"rendered":"https:\/\/cms.glasdesign-wieland.de\/?page_id=37"},"modified":"2024-04-20T20:11:08","modified_gmt":"2024-04-20T18:11:08","slug":"specials","status":"publish","type":"page","link":"https:\/\/cms.glasdesign-wieland.de\/?page_id=37","title":{"rendered":"Specials"},"content":{"rendered":"<p style=\"text-align: justify;\"><span style=\"font-family: arial, helvetica, sans-serif;\">Eine Vielzahl exklusiver Specials, die Ihr Zuhause in eine einzigartige Oase der Eleganz und Funktionalit\u00e4t verwandeln:<\/span><\/p>\n<p>&nbsp;<\/p>\n<ol style=\"text-align: justify;\">\n<li><span style=\"font-family: arial, helvetica, sans-serif;\"><strong>Fensterbank in Glas:<\/strong> Transparente Leichtigkeit und pflegeleichte \u00c4sthetik f\u00fcr Ihren Fensterbereich.<\/span><\/li>\n<li><span style=\"font-family: arial, helvetica, sans-serif;\"><strong>Jacuzzi \u00dcberdachung:<\/strong> Genie\u00dfen Sie Ihren Jacuzzi im Freien unabh\u00e4ngig von den Wetterbedingungen mit exklusiven Glas\u00fcberdachungen.<\/span><\/li>\n<li><span style=\"font-family: arial, helvetica, sans-serif;\"><strong>Spiegel mit Beleuchtung:<\/strong> Setzen Sie stimmungsvolle Akzente mit Spiegeln, die nicht nur reflektieren, sondern auch mit integrierter Beleuchtung eine besondere Atmosph\u00e4re schaffen.<\/span><\/li>\n<li><span style=\"font-family: arial, helvetica, sans-serif;\"><strong>Spiegel:<\/strong> Ma\u00dfgefertigte Spiegel, die jedem Raum eine gro\u00dfz\u00fcgige Dimension verleihen und f\u00fcr mehr Licht und Helligkeit sorgen.<\/span><\/li>\n<li><span style=\"font-family: arial, helvetica, sans-serif;\"><strong>Backhaus:<\/strong> Kreieren Sie Ihr eigenes Backparadies mit speziell gestalteten Backh\u00e4usern aus Glas, die transparente Eleganz und Funktionalit\u00e4t vereinen.<\/span><\/li>\n<li><span style=\"font-family: arial, helvetica, sans-serif;\"><strong>Sichtschutz aus Glas:<\/strong> Individuell gestaltete Glas-Sichtschutzl\u00f6sungen f\u00fcr klare Linien und zeitlose \u00c4sthetik, die gleichzeitig vor neugierigen Blicken sch\u00fctzen.<\/span><\/li>\n<li><span style=\"font-family: arial, helvetica, sans-serif;\"><strong>Oberlicht:<\/strong> Bringen Sie nat\u00fcrliches Licht in Ihr Zuhause mit Oberlichtern aus Glas, die klare Sichtachsen und eine luftige Atmosph\u00e4re schaffen.<\/span><\/li>\n<\/ol>\n<p>&nbsp;<\/p>\n<p>&nbsp;<\/p>\n<p style=\"text-align: center;\"><strong><span style=\"font-family: arial, helvetica, sans-serif;\">Specials:<\/span><\/strong><\/p>\n\n\t\t<style type=\"text\/css\">\n\t\t\t#gallery-1 {\n\t\t\t\tmargin: auto;\n\t\t\t}\n\t\t\t#gallery-1 .gallery-item {\n\t\t\t\tfloat: left;\n\t\t\t\tmargin-top: 10px;\n\t\t\t\ttext-align: center;\n\t\t\t\twidth: 33%;\n\t\t\t}\n\t\t\t#gallery-1 img {\n\t\t\t\tborder: 2px solid #cfcfcf;\n\t\t\t}\n\t\t\t#gallery-1 .gallery-caption {\n\t\t\t\tmargin-left: 0;\n\t\t\t}\n\t\t\t\/* see gallery_shortcode() in wp-includes\/media.php *\/\n\t\t<\/style>\n\t\t<div id='gallery-1' class='gallery galleryid-37 gallery-columns-3 gallery-size-medium'><dl class='gallery-item'>\n\t\t\t<dt class='gallery-icon portrait'>\n\t\t\t\t<a href='https:\/\/cms.glasdesign-wieland.de\/wp-content\/uploads\/2022\/09\/IMG_2752-scaled.jpg'><img loading=\"lazy\" decoding=\"async\" width=\"203\" height=\"300\" src=\"https:\/\/cms.glasdesign-wieland.de\/wp-content\/uploads\/2022\/09\/IMG_2752-203x300.jpg\" class=\"attachment-medium size-medium\" alt=\"\" aria-describedby=\"gallery-1-200\" srcset=\"https:\/\/cms.glasdesign-wieland.de\/wp-content\/uploads\/2022\/09\/IMG_2752-203x300.jpg 203w, https:\/\/cms.glasdesign-wieland.de\/wp-content\/uploads\/2022\/09\/IMG_2752-693x1024.jpg 693w, https:\/\/cms.glasdesign-wieland.de\/wp-content\/uploads\/2022\/09\/IMG_2752-768x1134.jpg 768w, https:\/\/cms.glasdesign-wieland.de\/wp-content\/uploads\/2022\/09\/IMG_2752-1040x1536.jpg 1040w, https:\/\/cms.glasdesign-wieland.de\/wp-content\/uploads\/2022\/09\/IMG_2752-1387x2048.jpg 1387w, https:\/\/cms.glasdesign-wieland.de\/wp-content\/uploads\/2022\/09\/IMG_2752-scaled.jpg 1734w\" sizes=\"auto, (max-width: 203px) 100vw, 203px\" \/><\/a>\n\t\t\t<\/dt>\n\t\t\t\t<dd class='wp-caption-text gallery-caption' id='gallery-1-200'>\n\t\t\t\tFensterbank in Glas\n\t\t\t\t<\/dd><\/dl><dl class='gallery-item'>\n\t\t\t<dt class='gallery-icon portrait'>\n\t\t\t\t<a href='https:\/\/cms.glasdesign-wieland.de\/wp-content\/uploads\/2023\/02\/Pergola-Sonderloesung-scaled.jpg'><img loading=\"lazy\" decoding=\"async\" width=\"225\" height=\"300\" src=\"https:\/\/cms.glasdesign-wieland.de\/wp-content\/uploads\/2023\/02\/Pergola-Sonderloesung-225x300.jpg\" class=\"attachment-medium size-medium\" alt=\"\" aria-describedby=\"gallery-1-258\" srcset=\"https:\/\/cms.glasdesign-wieland.de\/wp-content\/uploads\/2023\/02\/Pergola-Sonderloesung-225x300.jpg 225w, https:\/\/cms.glasdesign-wieland.de\/wp-content\/uploads\/2023\/02\/Pergola-Sonderloesung-768x1024.jpg 768w, https:\/\/cms.glasdesign-wieland.de\/wp-content\/uploads\/2023\/02\/Pergola-Sonderloesung-1152x1536.jpg 1152w, https:\/\/cms.glasdesign-wieland.de\/wp-content\/uploads\/2023\/02\/Pergola-Sonderloesung-1536x2048.jpg 1536w, https:\/\/cms.glasdesign-wieland.de\/wp-content\/uploads\/2023\/02\/Pergola-Sonderloesung-scaled.jpg 1920w\" sizes=\"auto, (max-width: 225px) 100vw, 225px\" \/><\/a>\n\t\t\t<\/dt>\n\t\t\t\t<dd class='wp-caption-text gallery-caption' id='gallery-1-258'>\n\t\t\t\tJacuzzi \u00dcberdachung\n\t\t\t\t<\/dd><\/dl><dl class='gallery-item'>\n\t\t\t<dt class='gallery-icon portrait'>\n\t\t\t\t<a href='https:\/\/cms.glasdesign-wieland.de\/wp-content\/uploads\/2022\/09\/PHOTO-2022-05-11-08-11-51-6.jpg'><img loading=\"lazy\" decoding=\"async\" width=\"246\" height=\"300\" src=\"https:\/\/cms.glasdesign-wieland.de\/wp-content\/uploads\/2022\/09\/PHOTO-2022-05-11-08-11-51-6-246x300.jpg\" class=\"attachment-medium size-medium\" alt=\"\" aria-describedby=\"gallery-1-210\" srcset=\"https:\/\/cms.glasdesign-wieland.de\/wp-content\/uploads\/2022\/09\/PHOTO-2022-05-11-08-11-51-6-246x300.jpg 246w, https:\/\/cms.glasdesign-wieland.de\/wp-content\/uploads\/2022\/09\/PHOTO-2022-05-11-08-11-51-6-840x1024.jpg 840w, https:\/\/cms.glasdesign-wieland.de\/wp-content\/uploads\/2022\/09\/PHOTO-2022-05-11-08-11-51-6-768x936.jpg 768w, https:\/\/cms.glasdesign-wieland.de\/wp-content\/uploads\/2022\/09\/PHOTO-2022-05-11-08-11-51-6.jpg 1082w\" sizes=\"auto, (max-width: 246px) 100vw, 246px\" \/><\/a>\n\t\t\t<\/dt>\n\t\t\t\t<dd class='wp-caption-text gallery-caption' id='gallery-1-210'>\n\t\t\t\tSpiegel mit Beleuchtung\n\t\t\t\t<\/dd><\/dl><br style=\"clear: both\" \/><dl class='gallery-item'>\n\t\t\t<dt class='gallery-icon portrait'>\n\t\t\t\t<a href='https:\/\/cms.glasdesign-wieland.de\/wp-content\/uploads\/2023\/02\/IMG_7216-scaled.jpeg'><img loading=\"lazy\" decoding=\"async\" width=\"225\" height=\"300\" src=\"https:\/\/cms.glasdesign-wieland.de\/wp-content\/uploads\/2023\/02\/IMG_7216-225x300.jpeg\" class=\"attachment-medium size-medium\" alt=\"\" aria-describedby=\"gallery-1-249\" srcset=\"https:\/\/cms.glasdesign-wieland.de\/wp-content\/uploads\/2023\/02\/IMG_7216-225x300.jpeg 225w, https:\/\/cms.glasdesign-wieland.de\/wp-content\/uploads\/2023\/02\/IMG_7216-768x1024.jpeg 768w, https:\/\/cms.glasdesign-wieland.de\/wp-content\/uploads\/2023\/02\/IMG_7216-1152x1536.jpeg 1152w, https:\/\/cms.glasdesign-wieland.de\/wp-content\/uploads\/2023\/02\/IMG_7216-1536x2048.jpeg 1536w, https:\/\/cms.glasdesign-wieland.de\/wp-content\/uploads\/2023\/02\/IMG_7216-scaled.jpeg 1920w\" sizes=\"auto, (max-width: 225px) 100vw, 225px\" \/><\/a>\n\t\t\t<\/dt>\n\t\t\t\t<dd class='wp-caption-text gallery-caption' id='gallery-1-249'>\n\t\t\t\tSpiegel\n\t\t\t\t<\/dd><\/dl><dl class='gallery-item'>\n\t\t\t<dt class='gallery-icon landscape'>\n\t\t\t\t<a href='https:\/\/cms.glasdesign-wieland.de\/wp-content\/uploads\/2022\/04\/002.Backhaus-1-rotated.jpeg'><img loading=\"lazy\" decoding=\"async\" width=\"300\" height=\"225\" src=\"https:\/\/cms.glasdesign-wieland.de\/wp-content\/uploads\/2022\/04\/002.Backhaus-1-300x225.jpeg\" class=\"attachment-medium size-medium\" alt=\"\" aria-describedby=\"gallery-1-146\" srcset=\"https:\/\/cms.glasdesign-wieland.de\/wp-content\/uploads\/2022\/04\/002.Backhaus-1-300x225.jpeg 300w, https:\/\/cms.glasdesign-wieland.de\/wp-content\/uploads\/2022\/04\/002.Backhaus-1-120x90.jpeg 120w, https:\/\/cms.glasdesign-wieland.de\/wp-content\/uploads\/2022\/04\/002.Backhaus-1-rotated.jpeg 640w\" sizes=\"auto, (max-width: 300px) 100vw, 300px\" \/><\/a>\n\t\t\t<\/dt>\n\t\t\t\t<dd class='wp-caption-text gallery-caption' id='gallery-1-146'>\n\t\t\t\tBackhaus\n\t\t\t\t<\/dd><\/dl><dl class='gallery-item'>\n\t\t\t<dt class='gallery-icon landscape'>\n\t\t\t\t<a href='https:\/\/cms.glasdesign-wieland.de\/wp-content\/uploads\/2023\/03\/f1eeb2f5-a871-42e7-a058-6a810cd6a0f0.jpeg'><img loading=\"lazy\" decoding=\"async\" width=\"300\" height=\"300\" src=\"https:\/\/cms.glasdesign-wieland.de\/wp-content\/uploads\/2023\/03\/f1eeb2f5-a871-42e7-a058-6a810cd6a0f0-300x300.jpeg\" class=\"attachment-medium size-medium\" alt=\"\" aria-describedby=\"gallery-1-273\" srcset=\"https:\/\/cms.glasdesign-wieland.de\/wp-content\/uploads\/2023\/03\/f1eeb2f5-a871-42e7-a058-6a810cd6a0f0-300x300.jpeg 300w, https:\/\/cms.glasdesign-wieland.de\/wp-content\/uploads\/2023\/03\/f1eeb2f5-a871-42e7-a058-6a810cd6a0f0-1024x1024.jpeg 1024w, https:\/\/cms.glasdesign-wieland.de\/wp-content\/uploads\/2023\/03\/f1eeb2f5-a871-42e7-a058-6a810cd6a0f0-150x150.jpeg 150w, https:\/\/cms.glasdesign-wieland.de\/wp-content\/uploads\/2023\/03\/f1eeb2f5-a871-42e7-a058-6a810cd6a0f0-768x768.jpeg 768w, https:\/\/cms.glasdesign-wieland.de\/wp-content\/uploads\/2023\/03\/f1eeb2f5-a871-42e7-a058-6a810cd6a0f0.jpeg 1496w\" sizes=\"auto, (max-width: 300px) 100vw, 300px\" \/><\/a>\n\t\t\t<\/dt>\n\t\t\t\t<dd class='wp-caption-text gallery-caption' id='gallery-1-273'>\n\t\t\t\tSichtschutz aus Glas\n\t\t\t\t<\/dd><\/dl><br style=\"clear: both\" \/><dl class='gallery-item'>\n\t\t\t<dt class='gallery-icon landscape'>\n\t\t\t\t<a href='https:\/\/cms.glasdesign-wieland.de\/wp-content\/uploads\/2023\/04\/IMG_4071-scaled.jpeg'><img loading=\"lazy\" decoding=\"async\" width=\"300\" height=\"200\" src=\"https:\/\/cms.glasdesign-wieland.de\/wp-content\/uploads\/2023\/04\/IMG_4071-300x200.jpeg\" class=\"attachment-medium size-medium\" alt=\"\" aria-describedby=\"gallery-1-277\" srcset=\"https:\/\/cms.glasdesign-wieland.de\/wp-content\/uploads\/2023\/04\/IMG_4071-300x200.jpeg 300w, https:\/\/cms.glasdesign-wieland.de\/wp-content\/uploads\/2023\/04\/IMG_4071-1024x683.jpeg 1024w, https:\/\/cms.glasdesign-wieland.de\/wp-content\/uploads\/2023\/04\/IMG_4071-768x512.jpeg 768w, https:\/\/cms.glasdesign-wieland.de\/wp-content\/uploads\/2023\/04\/IMG_4071-1536x1024.jpeg 1536w, https:\/\/cms.glasdesign-wieland.de\/wp-content\/uploads\/2023\/04\/IMG_4071-2048x1365.jpeg 2048w\" sizes=\"auto, (max-width: 300px) 100vw, 300px\" \/><\/a>\n\t\t\t<\/dt>\n\t\t\t\t<dd class='wp-caption-text gallery-caption' id='gallery-1-277'>\n\t\t\t\tOberlicht\n\t\t\t\t<\/dd><\/dl>\n\t\t\t<br style='clear: both' \/>\n\t\t<\/div>\n\n","protected":false},"excerpt":{"rendered":"<p>Eine Vielzahl exklusiver Specials, die Ihr Zuhause in eine einzigartige Oase der Eleganz und Funktionalit\u00e4t verwandeln: &nbsp; Fensterbank in Glas: Transparente Leichtigkeit und pflegeleichte \u00c4sthetik f\u00fcr Ihren Fensterbereich. Jacuzzi \u00dcberdachung: Genie\u00dfen Sie Ihren Jacuzzi im Freien unabh\u00e4ngig von den Wetterbedingungen mit exklusiven Glas\u00fcberdachungen. Spiegel mit Beleuchtung: Setzen Sie stimmungsvolle Akzente mit Spiegeln, die nicht nur&hellip;<\/p>\n","protected":false},"author":1,"featured_media":0,"parent":0,"menu_order":8,"comment_status":"closed","ping_status":"closed","template":"","meta":{"footnotes":""},"class_list":["post-37","page","type-page","status-publish","hentry"],"yoast_head":"<!-- This site is optimized with the Yoast SEO plugin v27.6 - https:\/\/yoast.com\/product\/yoast-seo-wordpress\/ -->\n<title>Specials - Glasdesign-Wieland<\/title>\n<meta name=\"robots\" content=\"index, follow, max-snippet:-1, max-image-preview:large, max-video-preview:-1\" \/>\n<link rel=\"canonical\" href=\"https:\/\/cms.glasdesign-wieland.de\/?page_id=37\" \/>\n<meta property=\"og:locale\" content=\"de_DE\" \/>\n<meta property=\"og:type\" content=\"article\" \/>\n<meta property=\"og:title\" content=\"Specials - Glasdesign-Wieland\" \/>\n<meta property=\"og:description\" content=\"Eine Vielzahl exklusiver Specials, die Ihr Zuhause in eine einzigartige Oase der Eleganz und Funktionalit\u00e4t verwandeln: &nbsp; Fensterbank in Glas: Transparente Leichtigkeit und pflegeleichte \u00c4sthetik f\u00fcr Ihren Fensterbereich. Jacuzzi \u00dcberdachung: Genie\u00dfen Sie Ihren Jacuzzi im Freien unabh\u00e4ngig von den Wetterbedingungen mit exklusiven Glas\u00fcberdachungen. Spiegel mit Beleuchtung: Setzen Sie stimmungsvolle Akzente mit Spiegeln, die nicht nur&hellip;\" \/>\n<meta property=\"og:url\" content=\"https:\/\/cms.glasdesign-wieland.de\/?page_id=37\" \/>\n<meta property=\"og:site_name\" content=\"Glasdesign-Wieland\" \/>\n<meta property=\"article:modified_time\" content=\"2024-04-20T18:11:08+00:00\" \/>\n<meta property=\"og:image\" content=\"https:\/\/cms.glasdesign-wieland.de\/wp-content\/uploads\/2022\/09\/IMG_2752-203x300.jpg\" \/>\n<meta name=\"twitter:card\" content=\"summary_large_image\" \/>\n<meta name=\"twitter:label1\" content=\"Gesch\u00e4tzte Lesezeit\" \/>\n\t<meta name=\"twitter:data1\" content=\"1\u00a0Minute\" \/>\n<script type=\"application\/ld+json\" class=\"yoast-schema-graph\">{\"@context\":\"https:\\\/\\\/schema.org\",\"@graph\":[{\"@type\":\"WebPage\",\"@id\":\"https:\\\/\\\/cms.glasdesign-wieland.de\\\/?page_id=37\",\"url\":\"https:\\\/\\\/cms.glasdesign-wieland.de\\\/?page_id=37\",\"name\":\"Specials - Glasdesign-Wieland\",\"isPartOf\":{\"@id\":\"https:\\\/\\\/cms.glasdesign-wieland.de\\\/#website\"},\"datePublished\":\"2022-04-25T11:33:21+00:00\",\"dateModified\":\"2024-04-20T18:11:08+00:00\",\"breadcrumb\":{\"@id\":\"https:\\\/\\\/cms.glasdesign-wieland.de\\\/?page_id=37#breadcrumb\"},\"inLanguage\":\"de\",\"potentialAction\":[{\"@type\":\"ReadAction\",\"target\":[\"https:\\\/\\\/cms.glasdesign-wieland.de\\\/?page_id=37\"]}]},{\"@type\":\"BreadcrumbList\",\"@id\":\"https:\\\/\\\/cms.glasdesign-wieland.de\\\/?page_id=37#breadcrumb\",\"itemListElement\":[{\"@type\":\"ListItem\",\"position\":1,\"name\":\"Startseite\",\"item\":\"https:\\\/\\\/cms.glasdesign-wieland.de\\\/\"},{\"@type\":\"ListItem\",\"position\":2,\"name\":\"Specials\"}]},{\"@type\":\"WebSite\",\"@id\":\"https:\\\/\\\/cms.glasdesign-wieland.de\\\/#website\",\"url\":\"https:\\\/\\\/cms.glasdesign-wieland.de\\\/\",\"name\":\"Glasdesign-Wieland\",\"description\":\"GLAS einfach sch\u00f6ner.\",\"potentialAction\":[{\"@type\":\"SearchAction\",\"target\":{\"@type\":\"EntryPoint\",\"urlTemplate\":\"https:\\\/\\\/cms.glasdesign-wieland.de\\\/?s={search_term_string}\"},\"query-input\":{\"@type\":\"PropertyValueSpecification\",\"valueRequired\":true,\"valueName\":\"search_term_string\"}}],\"inLanguage\":\"de\"}]}<\/script>\n<!-- \/ Yoast SEO plugin. -->","yoast_head_json":{"title":"Specials - Glasdesign-Wieland","robots":{"index":"index","follow":"follow","max-snippet":"max-snippet:-1","max-image-preview":"max-image-preview:large","max-video-preview":"max-video-preview:-1"},"canonical":"https:\/\/cms.glasdesign-wieland.de\/?page_id=37","og_locale":"de_DE","og_type":"article","og_title":"Specials - Glasdesign-Wieland","og_description":"Eine Vielzahl exklusiver Specials, die Ihr Zuhause in eine einzigartige Oase der Eleganz und Funktionalit\u00e4t verwandeln: &nbsp; Fensterbank in Glas: Transparente Leichtigkeit und pflegeleichte \u00c4sthetik f\u00fcr Ihren Fensterbereich. Jacuzzi \u00dcberdachung: Genie\u00dfen Sie Ihren Jacuzzi im Freien unabh\u00e4ngig von den Wetterbedingungen mit exklusiven Glas\u00fcberdachungen. Spiegel mit Beleuchtung: Setzen Sie stimmungsvolle Akzente mit Spiegeln, die nicht nur&hellip;","og_url":"https:\/\/cms.glasdesign-wieland.de\/?page_id=37","og_site_name":"Glasdesign-Wieland","article_modified_time":"2024-04-20T18:11:08+00:00","og_image":[{"url":"https:\/\/cms.glasdesign-wieland.de\/wp-content\/uploads\/2022\/09\/IMG_2752-203x300.jpg","type":"","width":"","height":""}],"twitter_card":"summary_large_image","twitter_misc":{"Gesch\u00e4tzte Lesezeit":"1\u00a0Minute"},"schema":{"@context":"https:\/\/schema.org","@graph":[{"@type":"WebPage","@id":"https:\/\/cms.glasdesign-wieland.de\/?page_id=37","url":"https:\/\/cms.glasdesign-wieland.de\/?page_id=37","name":"Specials - Glasdesign-Wieland","isPartOf":{"@id":"https:\/\/cms.glasdesign-wieland.de\/#website"},"datePublished":"2022-04-25T11:33:21+00:00","dateModified":"2024-04-20T18:11:08+00:00","breadcrumb":{"@id":"https:\/\/cms.glasdesign-wieland.de\/?page_id=37#breadcrumb"},"inLanguage":"de","potentialAction":[{"@type":"ReadAction","target":["https:\/\/cms.glasdesign-wieland.de\/?page_id=37"]}]},{"@type":"BreadcrumbList","@id":"https:\/\/cms.glasdesign-wieland.de\/?page_id=37#breadcrumb","itemListElement":[{"@type":"ListItem","position":1,"name":"Startseite","item":"https:\/\/cms.glasdesign-wieland.de\/"},{"@type":"ListItem","position":2,"name":"Specials"}]},{"@type":"WebSite","@id":"https:\/\/cms.glasdesign-wieland.de\/#website","url":"https:\/\/cms.glasdesign-wieland.de\/","name":"Glasdesign-Wieland","description":"GLAS einfach sch\u00f6ner.","potentialAction":[{"@type":"SearchAction","target":{"@type":"EntryPoint","urlTemplate":"https:\/\/cms.glasdesign-wieland.de\/?s={search_term_string}"},"query-input":{"@type":"PropertyValueSpecification","valueRequired":true,"valueName":"search_term_string"}}],"inLanguage":"de"}]}},"_links":{"self":[{"href":"https:\/\/cms.glasdesign-wieland.de\/index.php?rest_route=\/wp\/v2\/pages\/37","targetHints":{"allow":["GET"]}}],"collection":[{"href":"https:\/\/cms.glasdesign-wieland.de\/index.php?rest_route=\/wp\/v2\/pages"}],"about":[{"href":"https:\/\/cms.glasdesign-wieland.de\/index.php?rest_route=\/wp\/v2\/types\/page"}],"author":[{"embeddable":true,"href":"https:\/\/cms.glasdesign-wieland.de\/index.php?rest_route=\/wp\/v2\/users\/1"}],"replies":[{"embeddable":true,"href":"https:\/\/cms.glasdesign-wieland.de\/index.php?rest_route=%2Fwp%2Fv2%2Fcomments&post=37"}],"version-history":[{"count":18,"href":"https:\/\/cms.glasdesign-wieland.de\/index.php?rest_route=\/wp\/v2\/pages\/37\/revisions"}],"predecessor-version":[{"id":341,"href":"https:\/\/cms.glasdesign-wieland.de\/index.php?rest_route=\/wp\/v2\/pages\/37\/revisions\/341"}],"wp:attachment":[{"href":"https:\/\/cms.glasdesign-wieland.de\/index.php?rest_route=%2Fwp%2Fv2%2Fmedia&parent=37"}],"curies":[{"name":"wp","href":"https:\/\/api.w.org\/{rel}","templated":true}]}}