{"id":31,"date":"2022-04-25T13:32:34","date_gmt":"2022-04-25T11:32:34","guid":{"rendered":"https:\/\/cms.glasdesign-wieland.de\/?page_id=31"},"modified":"2024-04-20T19:55:38","modified_gmt":"2024-04-20T17:55:38","slug":"terrassenueberdachungen","status":"publish","type":"page","link":"https:\/\/cms.glasdesign-wieland.de\/?page_id=31","title":{"rendered":"Terrassen\u00fcberdachungen"},"content":{"rendered":"<h3 style=\"text-align: justify;\"><strong><span style=\"font-family: arial, helvetica, sans-serif; font-size: 12pt;\">Freiheit mit Stil<\/span><\/strong><\/h3>\n<p style=\"text-align: justify;\"><span style=\"font-family: arial, helvetica, sans-serif; font-size: 12pt;\">Unsere ma\u00dfgefertigten Terrassen\u00fcberdachungen aus hochwertigem Glas schaffen einen gesch\u00fctzten Raum im Freien, der nicht nur vor den Elementen sch\u00fctzt, sondern auch ein Statement f\u00fcr modernes Design setzt. Erleben Sie die Leichtigkeit transparenter \u00dcberdachungen, die Ihre Terrasse in einen eleganten Wohnraum im Freien verwandeln.<\/span><\/p>\n<h3 style=\"text-align: justify;\"><strong><span style=\"font-family: arial, helvetica, sans-serif; font-size: 12pt;\">Klare Sicht, gesch\u00fctzter Genuss<\/span><\/strong><\/h3>\n<p style=\"text-align: justify;\"><span style=\"font-family: arial, helvetica, sans-serif; font-size: 12pt;\">Unsere Terrassen\u00fcberdachungen bieten nicht nur klare Sichtachsen, sondern sch\u00fctzen auch vor Sonne, Regen und Wind. Mit h\u00f6chster Pr\u00e4zision gefertigt, schaffen sie eine harmonische Verbindung zwischen Innen und Au\u00dfen und erweitern Ihren Wohnraum ins Freie.<\/span><\/p>\n<p>&nbsp;<\/p>\n<p style=\"text-align: center;\"><strong><span style=\"font-family: arial, helvetica, sans-serif; font-size: 12pt;\">Terrassen\u00fcberdachungen:<\/span><\/strong><\/p>\n\n\t\t<style type=\"text\/css\">\n\t\t\t#gallery-1 {\n\t\t\t\tmargin: auto;\n\t\t\t}\n\t\t\t#gallery-1 .gallery-item {\n\t\t\t\tfloat: left;\n\t\t\t\tmargin-top: 10px;\n\t\t\t\ttext-align: center;\n\t\t\t\twidth: 33%;\n\t\t\t}\n\t\t\t#gallery-1 img {\n\t\t\t\tborder: 2px solid #cfcfcf;\n\t\t\t}\n\t\t\t#gallery-1 .gallery-caption {\n\t\t\t\tmargin-left: 0;\n\t\t\t}\n\t\t\t\/* see gallery_shortcode() in wp-includes\/media.php *\/\n\t\t<\/style>\n\t\t<div id='gallery-1' class='gallery galleryid-31 gallery-columns-3 gallery-size-medium'><dl class='gallery-item'>\n\t\t\t<dt class='gallery-icon landscape'>\n\t\t\t\t<a href='https:\/\/cms.glasdesign-wieland.de\/wp-content\/uploads\/2022\/04\/001.Terrassenueberdachung-scaled.jpg'><img loading=\"lazy\" decoding=\"async\" width=\"300\" height=\"225\" src=\"https:\/\/cms.glasdesign-wieland.de\/wp-content\/uploads\/2022\/04\/001.Terrassenueberdachung-300x225.jpg\" class=\"attachment-medium size-medium\" alt=\"\" srcset=\"https:\/\/cms.glasdesign-wieland.de\/wp-content\/uploads\/2022\/04\/001.Terrassenueberdachung-300x225.jpg 300w, https:\/\/cms.glasdesign-wieland.de\/wp-content\/uploads\/2022\/04\/001.Terrassenueberdachung-1024x768.jpg 1024w, https:\/\/cms.glasdesign-wieland.de\/wp-content\/uploads\/2022\/04\/001.Terrassenueberdachung-768x576.jpg 768w, https:\/\/cms.glasdesign-wieland.de\/wp-content\/uploads\/2022\/04\/001.Terrassenueberdachung-1536x1152.jpg 1536w, https:\/\/cms.glasdesign-wieland.de\/wp-content\/uploads\/2022\/04\/001.Terrassenueberdachung-2048x1536.jpg 2048w, https:\/\/cms.glasdesign-wieland.de\/wp-content\/uploads\/2022\/04\/001.Terrassenueberdachung-120x90.jpg 120w\" sizes=\"auto, (max-width: 300px) 100vw, 300px\" \/><\/a>\n\t\t\t<\/dt><\/dl><dl class='gallery-item'>\n\t\t\t<dt class='gallery-icon landscape'>\n\t\t\t\t<a href='https:\/\/cms.glasdesign-wieland.de\/wp-content\/uploads\/2022\/04\/004.Terrassenueberdachung.jpg'><img loading=\"lazy\" decoding=\"async\" width=\"300\" height=\"225\" src=\"https:\/\/cms.glasdesign-wieland.de\/wp-content\/uploads\/2022\/04\/004.Terrassenueberdachung-300x225.jpg\" class=\"attachment-medium size-medium\" alt=\"\" srcset=\"https:\/\/cms.glasdesign-wieland.de\/wp-content\/uploads\/2022\/04\/004.Terrassenueberdachung-300x225.jpg 300w, https:\/\/cms.glasdesign-wieland.de\/wp-content\/uploads\/2022\/04\/004.Terrassenueberdachung-120x90.jpg 120w, https:\/\/cms.glasdesign-wieland.de\/wp-content\/uploads\/2022\/04\/004.Terrassenueberdachung.jpg 400w\" sizes=\"auto, (max-width: 300px) 100vw, 300px\" \/><\/a>\n\t\t\t<\/dt><\/dl><dl class='gallery-item'>\n\t\t\t<dt class='gallery-icon landscape'>\n\t\t\t\t<a href='https:\/\/cms.glasdesign-wieland.de\/wp-content\/uploads\/2022\/04\/005.Terrassenueberdachung.jpg'><img loading=\"lazy\" decoding=\"async\" width=\"300\" height=\"225\" src=\"https:\/\/cms.glasdesign-wieland.de\/wp-content\/uploads\/2022\/04\/005.Terrassenueberdachung-300x225.jpg\" class=\"attachment-medium size-medium\" alt=\"\" srcset=\"https:\/\/cms.glasdesign-wieland.de\/wp-content\/uploads\/2022\/04\/005.Terrassenueberdachung-300x225.jpg 300w, https:\/\/cms.glasdesign-wieland.de\/wp-content\/uploads\/2022\/04\/005.Terrassenueberdachung-768x576.jpg 768w, https:\/\/cms.glasdesign-wieland.de\/wp-content\/uploads\/2022\/04\/005.Terrassenueberdachung-120x90.jpg 120w, https:\/\/cms.glasdesign-wieland.de\/wp-content\/uploads\/2022\/04\/005.Terrassenueberdachung.jpg 938w\" sizes=\"auto, (max-width: 300px) 100vw, 300px\" \/><\/a>\n\t\t\t<\/dt><\/dl><br style=\"clear: both\" \/><dl class='gallery-item'>\n\t\t\t<dt class='gallery-icon portrait'>\n\t\t\t\t<a href='https:\/\/cms.glasdesign-wieland.de\/wp-content\/uploads\/2023\/01\/2023_Terrassenueberdachung_Galerie_V1.jpg'><img loading=\"lazy\" decoding=\"async\" width=\"225\" height=\"300\" src=\"https:\/\/cms.glasdesign-wieland.de\/wp-content\/uploads\/2023\/01\/2023_Terrassenueberdachung_Galerie_V1-225x300.jpg\" class=\"attachment-medium size-medium\" alt=\"\" srcset=\"https:\/\/cms.glasdesign-wieland.de\/wp-content\/uploads\/2023\/01\/2023_Terrassenueberdachung_Galerie_V1-225x300.jpg 225w, https:\/\/cms.glasdesign-wieland.de\/wp-content\/uploads\/2023\/01\/2023_Terrassenueberdachung_Galerie_V1.jpg 631w\" sizes=\"auto, (max-width: 225px) 100vw, 225px\" \/><\/a>\n\t\t\t<\/dt><\/dl><dl class='gallery-item'>\n\t\t\t<dt class='gallery-icon portrait'>\n\t\t\t\t<a href='https:\/\/cms.glasdesign-wieland.de\/wp-content\/uploads\/2022\/08\/PHOTO-2022-08-29-23-41-28.jpg'><img loading=\"lazy\" decoding=\"async\" width=\"224\" height=\"300\" src=\"https:\/\/cms.glasdesign-wieland.de\/wp-content\/uploads\/2022\/08\/PHOTO-2022-08-29-23-41-28-224x300.jpg\" class=\"attachment-medium size-medium\" alt=\"\" srcset=\"https:\/\/cms.glasdesign-wieland.de\/wp-content\/uploads\/2022\/08\/PHOTO-2022-08-29-23-41-28-224x300.jpg 224w, https:\/\/cms.glasdesign-wieland.de\/wp-content\/uploads\/2022\/08\/PHOTO-2022-08-29-23-41-28-766x1024.jpg 766w, https:\/\/cms.glasdesign-wieland.de\/wp-content\/uploads\/2022\/08\/PHOTO-2022-08-29-23-41-28-768x1027.jpg 768w, https:\/\/cms.glasdesign-wieland.de\/wp-content\/uploads\/2022\/08\/PHOTO-2022-08-29-23-41-28-1149x1536.jpg 1149w, https:\/\/cms.glasdesign-wieland.de\/wp-content\/uploads\/2022\/08\/PHOTO-2022-08-29-23-41-28.jpg 1496w\" sizes=\"auto, (max-width: 224px) 100vw, 224px\" \/><\/a>\n\t\t\t<\/dt><\/dl><dl class='gallery-item'>\n\t\t\t<dt class='gallery-icon portrait'>\n\t\t\t\t<a href='https:\/\/cms.glasdesign-wieland.de\/wp-content\/uploads\/2022\/09\/38dcb536-0474-4962-9396-3fb2ab023112.jpg'><img loading=\"lazy\" decoding=\"async\" width=\"225\" height=\"300\" src=\"https:\/\/cms.glasdesign-wieland.de\/wp-content\/uploads\/2022\/09\/38dcb536-0474-4962-9396-3fb2ab023112-225x300.jpg\" class=\"attachment-medium size-medium\" alt=\"\" srcset=\"https:\/\/cms.glasdesign-wieland.de\/wp-content\/uploads\/2022\/09\/38dcb536-0474-4962-9396-3fb2ab023112-225x300.jpg 225w, https:\/\/cms.glasdesign-wieland.de\/wp-content\/uploads\/2022\/09\/38dcb536-0474-4962-9396-3fb2ab023112.jpg 768w\" sizes=\"auto, (max-width: 225px) 100vw, 225px\" \/><\/a>\n\t\t\t<\/dt><\/dl><br style=\"clear: both\" \/><dl class='gallery-item'>\n\t\t\t<dt class='gallery-icon landscape'>\n\t\t\t\t<a href='https:\/\/cms.glasdesign-wieland.de\/wp-content\/uploads\/2022\/04\/002.Terrassenueberdachung.jpg'><img loading=\"lazy\" decoding=\"async\" width=\"300\" height=\"225\" src=\"https:\/\/cms.glasdesign-wieland.de\/wp-content\/uploads\/2022\/04\/002.Terrassenueberdachung-300x225.jpg\" class=\"attachment-medium size-medium\" alt=\"\" srcset=\"https:\/\/cms.glasdesign-wieland.de\/wp-content\/uploads\/2022\/04\/002.Terrassenueberdachung-300x225.jpg 300w, https:\/\/cms.glasdesign-wieland.de\/wp-content\/uploads\/2022\/04\/002.Terrassenueberdachung-768x576.jpg 768w, https:\/\/cms.glasdesign-wieland.de\/wp-content\/uploads\/2022\/04\/002.Terrassenueberdachung-120x90.jpg 120w, https:\/\/cms.glasdesign-wieland.de\/wp-content\/uploads\/2022\/04\/002.Terrassenueberdachung.jpg 938w\" sizes=\"auto, (max-width: 300px) 100vw, 300px\" \/><\/a>\n\t\t\t<\/dt><\/dl>\n\t\t\t<br style='clear: both' \/>\n\t\t<\/div>\n\n","protected":false},"excerpt":{"rendered":"<p>Freiheit mit Stil Unsere ma\u00dfgefertigten Terrassen\u00fcberdachungen aus hochwertigem Glas schaffen einen gesch\u00fctzten Raum im Freien, der nicht nur vor den Elementen sch\u00fctzt, sondern auch ein Statement f\u00fcr modernes Design setzt. Erleben Sie die Leichtigkeit transparenter \u00dcberdachungen, die Ihre Terrasse in einen eleganten Wohnraum im Freien verwandeln. Klare Sicht, gesch\u00fctzter Genuss Unsere Terrassen\u00fcberdachungen bieten nicht nur&hellip;<\/p>\n","protected":false},"author":1,"featured_media":0,"parent":0,"menu_order":5,"comment_status":"closed","ping_status":"closed","template":"","meta":{"footnotes":""},"class_list":["post-31","page","type-page","status-publish","hentry"],"yoast_head":"<!-- This site is optimized with the Yoast SEO plugin v27.4 - https:\/\/yoast.com\/product\/yoast-seo-wordpress\/ -->\n<title>Terrassen\u00fcberdachungen - Glasdesign-Wieland<\/title>\n<meta name=\"robots\" content=\"index, follow, max-snippet:-1, max-image-preview:large, max-video-preview:-1\" \/>\n<link rel=\"canonical\" href=\"https:\/\/cms.glasdesign-wieland.de\/?page_id=31\" \/>\n<meta property=\"og:locale\" content=\"de_DE\" \/>\n<meta property=\"og:type\" content=\"article\" \/>\n<meta property=\"og:title\" content=\"Terrassen\u00fcberdachungen - Glasdesign-Wieland\" \/>\n<meta property=\"og:description\" content=\"Freiheit mit Stil Unsere ma\u00dfgefertigten Terrassen\u00fcberdachungen aus hochwertigem Glas schaffen einen gesch\u00fctzten Raum im Freien, der nicht nur vor den Elementen sch\u00fctzt, sondern auch ein Statement f\u00fcr modernes Design setzt. Erleben Sie die Leichtigkeit transparenter \u00dcberdachungen, die Ihre Terrasse in einen eleganten Wohnraum im Freien verwandeln. Klare Sicht, gesch\u00fctzter Genuss Unsere Terrassen\u00fcberdachungen bieten nicht nur&hellip;\" \/>\n<meta property=\"og:url\" content=\"https:\/\/cms.glasdesign-wieland.de\/?page_id=31\" \/>\n<meta property=\"og:site_name\" content=\"Glasdesign-Wieland\" \/>\n<meta property=\"article:modified_time\" content=\"2024-04-20T17:55:38+00:00\" \/>\n<meta property=\"og:image\" content=\"https:\/\/cms.glasdesign-wieland.de\/wp-content\/uploads\/2022\/04\/001.Terrassenueberdachung-300x225.jpg\" \/>\n<meta name=\"twitter:card\" content=\"summary_large_image\" \/>\n<meta name=\"twitter:label1\" content=\"Gesch\u00e4tzte Lesezeit\" \/>\n\t<meta name=\"twitter:data1\" content=\"1\u00a0Minute\" \/>\n<script type=\"application\/ld+json\" class=\"yoast-schema-graph\">{\"@context\":\"https:\\\/\\\/schema.org\",\"@graph\":[{\"@type\":\"WebPage\",\"@id\":\"https:\\\/\\\/cms.glasdesign-wieland.de\\\/?page_id=31\",\"url\":\"https:\\\/\\\/cms.glasdesign-wieland.de\\\/?page_id=31\",\"name\":\"Terrassen\u00fcberdachungen - Glasdesign-Wieland\",\"isPartOf\":{\"@id\":\"https:\\\/\\\/cms.glasdesign-wieland.de\\\/#website\"},\"datePublished\":\"2022-04-25T11:32:34+00:00\",\"dateModified\":\"2024-04-20T17:55:38+00:00\",\"breadcrumb\":{\"@id\":\"https:\\\/\\\/cms.glasdesign-wieland.de\\\/?page_id=31#breadcrumb\"},\"inLanguage\":\"de\",\"potentialAction\":[{\"@type\":\"ReadAction\",\"target\":[\"https:\\\/\\\/cms.glasdesign-wieland.de\\\/?page_id=31\"]}]},{\"@type\":\"BreadcrumbList\",\"@id\":\"https:\\\/\\\/cms.glasdesign-wieland.de\\\/?page_id=31#breadcrumb\",\"itemListElement\":[{\"@type\":\"ListItem\",\"position\":1,\"name\":\"Startseite\",\"item\":\"https:\\\/\\\/cms.glasdesign-wieland.de\\\/\"},{\"@type\":\"ListItem\",\"position\":2,\"name\":\"Terrassen\u00fcberdachungen\"}]},{\"@type\":\"WebSite\",\"@id\":\"https:\\\/\\\/cms.glasdesign-wieland.de\\\/#website\",\"url\":\"https:\\\/\\\/cms.glasdesign-wieland.de\\\/\",\"name\":\"Glasdesign-Wieland\",\"description\":\"GLAS einfach sch\u00f6ner.\",\"potentialAction\":[{\"@type\":\"SearchAction\",\"target\":{\"@type\":\"EntryPoint\",\"urlTemplate\":\"https:\\\/\\\/cms.glasdesign-wieland.de\\\/?s={search_term_string}\"},\"query-input\":{\"@type\":\"PropertyValueSpecification\",\"valueRequired\":true,\"valueName\":\"search_term_string\"}}],\"inLanguage\":\"de\"}]}<\/script>\n<!-- \/ Yoast SEO plugin. -->","yoast_head_json":{"title":"Terrassen\u00fcberdachungen - Glasdesign-Wieland","robots":{"index":"index","follow":"follow","max-snippet":"max-snippet:-1","max-image-preview":"max-image-preview:large","max-video-preview":"max-video-preview:-1"},"canonical":"https:\/\/cms.glasdesign-wieland.de\/?page_id=31","og_locale":"de_DE","og_type":"article","og_title":"Terrassen\u00fcberdachungen - Glasdesign-Wieland","og_description":"Freiheit mit Stil Unsere ma\u00dfgefertigten Terrassen\u00fcberdachungen aus hochwertigem Glas schaffen einen gesch\u00fctzten Raum im Freien, der nicht nur vor den Elementen sch\u00fctzt, sondern auch ein Statement f\u00fcr modernes Design setzt. Erleben Sie die Leichtigkeit transparenter \u00dcberdachungen, die Ihre Terrasse in einen eleganten Wohnraum im Freien verwandeln. Klare Sicht, gesch\u00fctzter Genuss Unsere Terrassen\u00fcberdachungen bieten nicht nur&hellip;","og_url":"https:\/\/cms.glasdesign-wieland.de\/?page_id=31","og_site_name":"Glasdesign-Wieland","article_modified_time":"2024-04-20T17:55:38+00:00","og_image":[{"url":"https:\/\/cms.glasdesign-wieland.de\/wp-content\/uploads\/2022\/04\/001.Terrassenueberdachung-300x225.jpg","type":"","width":"","height":""}],"twitter_card":"summary_large_image","twitter_misc":{"Gesch\u00e4tzte Lesezeit":"1\u00a0Minute"},"schema":{"@context":"https:\/\/schema.org","@graph":[{"@type":"WebPage","@id":"https:\/\/cms.glasdesign-wieland.de\/?page_id=31","url":"https:\/\/cms.glasdesign-wieland.de\/?page_id=31","name":"Terrassen\u00fcberdachungen - Glasdesign-Wieland","isPartOf":{"@id":"https:\/\/cms.glasdesign-wieland.de\/#website"},"datePublished":"2022-04-25T11:32:34+00:00","dateModified":"2024-04-20T17:55:38+00:00","breadcrumb":{"@id":"https:\/\/cms.glasdesign-wieland.de\/?page_id=31#breadcrumb"},"inLanguage":"de","potentialAction":[{"@type":"ReadAction","target":["https:\/\/cms.glasdesign-wieland.de\/?page_id=31"]}]},{"@type":"BreadcrumbList","@id":"https:\/\/cms.glasdesign-wieland.de\/?page_id=31#breadcrumb","itemListElement":[{"@type":"ListItem","position":1,"name":"Startseite","item":"https:\/\/cms.glasdesign-wieland.de\/"},{"@type":"ListItem","position":2,"name":"Terrassen\u00fcberdachungen"}]},{"@type":"WebSite","@id":"https:\/\/cms.glasdesign-wieland.de\/#website","url":"https:\/\/cms.glasdesign-wieland.de\/","name":"Glasdesign-Wieland","description":"GLAS einfach sch\u00f6ner.","potentialAction":[{"@type":"SearchAction","target":{"@type":"EntryPoint","urlTemplate":"https:\/\/cms.glasdesign-wieland.de\/?s={search_term_string}"},"query-input":{"@type":"PropertyValueSpecification","valueRequired":true,"valueName":"search_term_string"}}],"inLanguage":"de"}]}},"_links":{"self":[{"href":"https:\/\/cms.glasdesign-wieland.de\/index.php?rest_route=\/wp\/v2\/pages\/31","targetHints":{"allow":["GET"]}}],"collection":[{"href":"https:\/\/cms.glasdesign-wieland.de\/index.php?rest_route=\/wp\/v2\/pages"}],"about":[{"href":"https:\/\/cms.glasdesign-wieland.de\/index.php?rest_route=\/wp\/v2\/types\/page"}],"author":[{"embeddable":true,"href":"https:\/\/cms.glasdesign-wieland.de\/index.php?rest_route=\/wp\/v2\/users\/1"}],"replies":[{"embeddable":true,"href":"https:\/\/cms.glasdesign-wieland.de\/index.php?rest_route=%2Fwp%2Fv2%2Fcomments&post=31"}],"version-history":[{"count":13,"href":"https:\/\/cms.glasdesign-wieland.de\/index.php?rest_route=\/wp\/v2\/pages\/31\/revisions"}],"predecessor-version":[{"id":336,"href":"https:\/\/cms.glasdesign-wieland.de\/index.php?rest_route=\/wp\/v2\/pages\/31\/revisions\/336"}],"wp:attachment":[{"href":"https:\/\/cms.glasdesign-wieland.de\/index.php?rest_route=%2Fwp%2Fv2%2Fmedia&parent=31"}],"curies":[{"name":"wp","href":"https:\/\/api.w.org\/{rel}","templated":true}]}}