{"id":29,"date":"2022-04-25T13:32:22","date_gmt":"2022-04-25T11:32:22","guid":{"rendered":"https:\/\/cms.glasdesign-wieland.de\/?page_id=29"},"modified":"2024-04-20T19:23:07","modified_gmt":"2024-04-20T17:23:07","slug":"bruestungen","status":"publish","type":"page","link":"https:\/\/cms.glasdesign-wieland.de\/?page_id=29","title":{"rendered":"Br\u00fcstungen"},"content":{"rendered":"<h3 style=\"text-align: justify;\"><strong><span style=\"font-family: arial, helvetica, sans-serif; font-size: 12pt;\">Transparente Sicherheit mit Stil<\/span><\/strong><\/h3>\n<p style=\"text-align: justify;\"><span style=\"font-family: arial, helvetica, sans-serif; font-size: 12pt;\">Unsere ma\u00dfgefertigten Glasbr\u00fcstungen vereinen h\u00f6chste Sicherheitsstandards mit zeitloser Eleganz. Erleben Sie die Leichtigkeit transparenter Raumgestaltung, w\u00e4hrend gleichzeitig eine sichere Abgrenzung gew\u00e4hrleistet wird. Bei Glasdesign Wieland setzen wir auf hochwertiges Glas, das nicht nur Schutz bietet, sondern auch ein Statement f\u00fcr modernes Wohnen ist.<\/span><\/p>\n<h3 style=\"text-align: justify;\"><strong><span style=\"font-family: arial, helvetica, sans-serif; font-size: 12pt;\">Klare Linien, klare Sicht<\/span><\/strong><\/h3>\n<p style=\"text-align: justify;\"><span style=\"font-family: arial, helvetica, sans-serif; font-size: 12pt;\">Glasdesign Wieland steht f\u00fcr klare Linien und modernes Design. Unsere Glasbr\u00fcstungen schaffen eine offene Raumwirkung und lassen Ihr Zuhause gro\u00dfz\u00fcgiger und heller erscheinen. Mit Pr\u00e4zision gefertigt, bieten sie nicht nur klare Sichtachsen, sondern auch eine zeitlose \u00c4sthetik, die sich harmonisch in jeden Raum einf\u00fcgt.<\/span><\/p>\n<p>&nbsp;<\/p>\n<p style=\"text-align: center;\"><span style=\"font-family: arial, helvetica, sans-serif;\"><strong>Balkon- und Treppenverglasungen:<\/strong><\/span><\/p>\n\n\t\t<style type=\"text\/css\">\n\t\t\t#gallery-1 {\n\t\t\t\tmargin: auto;\n\t\t\t}\n\t\t\t#gallery-1 .gallery-item {\n\t\t\t\tfloat: left;\n\t\t\t\tmargin-top: 10px;\n\t\t\t\ttext-align: center;\n\t\t\t\twidth: 33%;\n\t\t\t}\n\t\t\t#gallery-1 img {\n\t\t\t\tborder: 2px solid #cfcfcf;\n\t\t\t}\n\t\t\t#gallery-1 .gallery-caption {\n\t\t\t\tmargin-left: 0;\n\t\t\t}\n\t\t\t\/* see gallery_shortcode() in wp-includes\/media.php *\/\n\t\t<\/style>\n\t\t<div id='gallery-1' class='gallery galleryid-29 gallery-columns-3 gallery-size-medium'><dl class='gallery-item'>\n\t\t\t<dt class='gallery-icon landscape'>\n\t\t\t\t<a href='https:\/\/cms.glasdesign-wieland.de\/wp-content\/uploads\/2022\/04\/001.Balkonverglasung-scaled.jpg'><img loading=\"lazy\" decoding=\"async\" width=\"300\" height=\"225\" src=\"https:\/\/cms.glasdesign-wieland.de\/wp-content\/uploads\/2022\/04\/001.Balkonverglasung-300x225.jpg\" class=\"attachment-medium size-medium\" alt=\"\" aria-describedby=\"gallery-1-120\" srcset=\"https:\/\/cms.glasdesign-wieland.de\/wp-content\/uploads\/2022\/04\/001.Balkonverglasung-300x225.jpg 300w, https:\/\/cms.glasdesign-wieland.de\/wp-content\/uploads\/2022\/04\/001.Balkonverglasung-1024x768.jpg 1024w, https:\/\/cms.glasdesign-wieland.de\/wp-content\/uploads\/2022\/04\/001.Balkonverglasung-768x576.jpg 768w, https:\/\/cms.glasdesign-wieland.de\/wp-content\/uploads\/2022\/04\/001.Balkonverglasung-1536x1152.jpg 1536w, https:\/\/cms.glasdesign-wieland.de\/wp-content\/uploads\/2022\/04\/001.Balkonverglasung-2048x1536.jpg 2048w, https:\/\/cms.glasdesign-wieland.de\/wp-content\/uploads\/2022\/04\/001.Balkonverglasung-120x90.jpg 120w\" sizes=\"auto, (max-width: 300px) 100vw, 300px\" \/><\/a>\n\t\t\t<\/dt>\n\t\t\t\t<dd class='wp-caption-text gallery-caption' id='gallery-1-120'>\n\t\t\t\tBalkonverglasung\n\t\t\t\t<\/dd><\/dl><dl class='gallery-item'>\n\t\t\t<dt class='gallery-icon landscape'>\n\t\t\t\t<a href='https:\/\/cms.glasdesign-wieland.de\/wp-content\/uploads\/2022\/04\/003.Treppenhausbruestung.jpg'><img loading=\"lazy\" decoding=\"async\" width=\"300\" height=\"226\" src=\"https:\/\/cms.glasdesign-wieland.de\/wp-content\/uploads\/2022\/04\/003.Treppenhausbruestung-300x226.jpg\" class=\"attachment-medium size-medium\" alt=\"\" aria-describedby=\"gallery-1-121\" srcset=\"https:\/\/cms.glasdesign-wieland.de\/wp-content\/uploads\/2022\/04\/003.Treppenhausbruestung-300x226.jpg 300w, https:\/\/cms.glasdesign-wieland.de\/wp-content\/uploads\/2022\/04\/003.Treppenhausbruestung-1024x773.jpg 1024w, https:\/\/cms.glasdesign-wieland.de\/wp-content\/uploads\/2022\/04\/003.Treppenhausbruestung-768x579.jpg 768w, https:\/\/cms.glasdesign-wieland.de\/wp-content\/uploads\/2022\/04\/003.Treppenhausbruestung-120x90.jpg 120w, https:\/\/cms.glasdesign-wieland.de\/wp-content\/uploads\/2022\/04\/003.Treppenhausbruestung.jpg 1181w\" sizes=\"auto, (max-width: 300px) 100vw, 300px\" \/><\/a>\n\t\t\t<\/dt>\n\t\t\t\t<dd class='wp-caption-text gallery-caption' id='gallery-1-121'>\n\t\t\t\tTreppenhausbr\u00fcstung\n\t\t\t\t<\/dd><\/dl><dl class='gallery-item'>\n\t\t\t<dt class='gallery-icon landscape'>\n\t\t\t\t<a href='https:\/\/cms.glasdesign-wieland.de\/wp-content\/uploads\/2022\/04\/005.Balkonverglasung-Glasklemmen.jpg'><img loading=\"lazy\" decoding=\"async\" width=\"300\" height=\"225\" src=\"https:\/\/cms.glasdesign-wieland.de\/wp-content\/uploads\/2022\/04\/005.Balkonverglasung-Glasklemmen-300x225.jpg\" class=\"attachment-medium size-medium\" alt=\"\" aria-describedby=\"gallery-1-122\" srcset=\"https:\/\/cms.glasdesign-wieland.de\/wp-content\/uploads\/2022\/04\/005.Balkonverglasung-Glasklemmen-300x225.jpg 300w, https:\/\/cms.glasdesign-wieland.de\/wp-content\/uploads\/2022\/04\/005.Balkonverglasung-Glasklemmen-120x90.jpg 120w, https:\/\/cms.glasdesign-wieland.de\/wp-content\/uploads\/2022\/04\/005.Balkonverglasung-Glasklemmen.jpg 400w\" sizes=\"auto, (max-width: 300px) 100vw, 300px\" \/><\/a>\n\t\t\t<\/dt>\n\t\t\t\t<dd class='wp-caption-text gallery-caption' id='gallery-1-122'>\n\t\t\t\tBalkonverglasung Glasklemmen\n\t\t\t\t<\/dd><\/dl><br style=\"clear: both\" \/><dl class='gallery-item'>\n\t\t\t<dt class='gallery-icon landscape'>\n\t\t\t\t<a href='https:\/\/cms.glasdesign-wieland.de\/wp-content\/uploads\/2022\/04\/006.Balkonverglasung-Glasklemmen.jpg'><img loading=\"lazy\" decoding=\"async\" width=\"300\" height=\"225\" src=\"https:\/\/cms.glasdesign-wieland.de\/wp-content\/uploads\/2022\/04\/006.Balkonverglasung-Glasklemmen-300x225.jpg\" class=\"attachment-medium size-medium\" alt=\"\" aria-describedby=\"gallery-1-123\" srcset=\"https:\/\/cms.glasdesign-wieland.de\/wp-content\/uploads\/2022\/04\/006.Balkonverglasung-Glasklemmen-300x225.jpg 300w, https:\/\/cms.glasdesign-wieland.de\/wp-content\/uploads\/2022\/04\/006.Balkonverglasung-Glasklemmen-120x90.jpg 120w, https:\/\/cms.glasdesign-wieland.de\/wp-content\/uploads\/2022\/04\/006.Balkonverglasung-Glasklemmen.jpg 400w\" sizes=\"auto, (max-width: 300px) 100vw, 300px\" \/><\/a>\n\t\t\t<\/dt>\n\t\t\t\t<dd class='wp-caption-text gallery-caption' id='gallery-1-123'>\n\t\t\t\tBalkonverglasung Glasklemmen\n\t\t\t\t<\/dd><\/dl><dl class='gallery-item'>\n\t\t\t<dt class='gallery-icon landscape'>\n\t\t\t\t<a href='https:\/\/cms.glasdesign-wieland.de\/wp-content\/uploads\/2022\/04\/012.Franzoesicher-Balkon-mit-Parsol-Glas.jpg'><img loading=\"lazy\" decoding=\"async\" width=\"300\" height=\"225\" src=\"https:\/\/cms.glasdesign-wieland.de\/wp-content\/uploads\/2022\/04\/012.Franzoesicher-Balkon-mit-Parsol-Glas-300x225.jpg\" class=\"attachment-medium size-medium\" alt=\"\" aria-describedby=\"gallery-1-124\" srcset=\"https:\/\/cms.glasdesign-wieland.de\/wp-content\/uploads\/2022\/04\/012.Franzoesicher-Balkon-mit-Parsol-Glas-300x225.jpg 300w, https:\/\/cms.glasdesign-wieland.de\/wp-content\/uploads\/2022\/04\/012.Franzoesicher-Balkon-mit-Parsol-Glas-1024x768.jpg 1024w, https:\/\/cms.glasdesign-wieland.de\/wp-content\/uploads\/2022\/04\/012.Franzoesicher-Balkon-mit-Parsol-Glas-768x576.jpg 768w, https:\/\/cms.glasdesign-wieland.de\/wp-content\/uploads\/2022\/04\/012.Franzoesicher-Balkon-mit-Parsol-Glas-120x90.jpg 120w, https:\/\/cms.glasdesign-wieland.de\/wp-content\/uploads\/2022\/04\/012.Franzoesicher-Balkon-mit-Parsol-Glas.jpg 1402w\" sizes=\"auto, (max-width: 300px) 100vw, 300px\" \/><\/a>\n\t\t\t<\/dt>\n\t\t\t\t<dd class='wp-caption-text gallery-caption' id='gallery-1-124'>\n\t\t\t\tFranz\u00f6sischer Balkon mit Parsol-Glas\n\t\t\t\t<\/dd><\/dl><dl class='gallery-item'>\n\t\t\t<dt class='gallery-icon landscape'>\n\t\t\t\t<a href='https:\/\/cms.glasdesign-wieland.de\/wp-content\/uploads\/2022\/09\/d5415889-456b-4b8c-baa0-9c1ae01f218b.jpg'><img loading=\"lazy\" decoding=\"async\" width=\"300\" height=\"225\" src=\"https:\/\/cms.glasdesign-wieland.de\/wp-content\/uploads\/2022\/09\/d5415889-456b-4b8c-baa0-9c1ae01f218b-300x225.jpg\" class=\"attachment-medium size-medium\" alt=\"\" aria-describedby=\"gallery-1-196\" srcset=\"https:\/\/cms.glasdesign-wieland.de\/wp-content\/uploads\/2022\/09\/d5415889-456b-4b8c-baa0-9c1ae01f218b-300x225.jpg 300w, https:\/\/cms.glasdesign-wieland.de\/wp-content\/uploads\/2022\/09\/d5415889-456b-4b8c-baa0-9c1ae01f218b-1024x768.jpg 1024w, https:\/\/cms.glasdesign-wieland.de\/wp-content\/uploads\/2022\/09\/d5415889-456b-4b8c-baa0-9c1ae01f218b-768x576.jpg 768w, https:\/\/cms.glasdesign-wieland.de\/wp-content\/uploads\/2022\/09\/d5415889-456b-4b8c-baa0-9c1ae01f218b-1536x1152.jpg 1536w, https:\/\/cms.glasdesign-wieland.de\/wp-content\/uploads\/2022\/09\/d5415889-456b-4b8c-baa0-9c1ae01f218b-120x90.jpg 120w, https:\/\/cms.glasdesign-wieland.de\/wp-content\/uploads\/2022\/09\/d5415889-456b-4b8c-baa0-9c1ae01f218b.jpg 1600w\" sizes=\"auto, (max-width: 300px) 100vw, 300px\" \/><\/a>\n\t\t\t<\/dt>\n\t\t\t\t<dd class='wp-caption-text gallery-caption' id='gallery-1-196'>\n\t\t\t\tBalkonverglasung\n\t\t\t\t<\/dd><\/dl><br style=\"clear: both\" \/><dl class='gallery-item'>\n\t\t\t<dt class='gallery-icon landscape'>\n\t\t\t\t<a href='https:\/\/cms.glasdesign-wieland.de\/wp-content\/uploads\/2023\/03\/IMG-20230327-WA0003.jpeg'><img loading=\"lazy\" decoding=\"async\" width=\"300\" height=\"225\" src=\"https:\/\/cms.glasdesign-wieland.de\/wp-content\/uploads\/2023\/03\/IMG-20230327-WA0003-300x225.jpeg\" class=\"attachment-medium size-medium\" alt=\"\" aria-describedby=\"gallery-1-267\" srcset=\"https:\/\/cms.glasdesign-wieland.de\/wp-content\/uploads\/2023\/03\/IMG-20230327-WA0003-300x225.jpeg 300w, https:\/\/cms.glasdesign-wieland.de\/wp-content\/uploads\/2023\/03\/IMG-20230327-WA0003-1024x768.jpeg 1024w, https:\/\/cms.glasdesign-wieland.de\/wp-content\/uploads\/2023\/03\/IMG-20230327-WA0003-768x576.jpeg 768w, https:\/\/cms.glasdesign-wieland.de\/wp-content\/uploads\/2023\/03\/IMG-20230327-WA0003-1536x1152.jpeg 1536w, https:\/\/cms.glasdesign-wieland.de\/wp-content\/uploads\/2023\/03\/IMG-20230327-WA0003-120x90.jpeg 120w, https:\/\/cms.glasdesign-wieland.de\/wp-content\/uploads\/2023\/03\/IMG-20230327-WA0003.jpeg 1600w\" sizes=\"auto, (max-width: 300px) 100vw, 300px\" \/><\/a>\n\t\t\t<\/dt>\n\t\t\t\t<dd class='wp-caption-text gallery-caption' id='gallery-1-267'>\n\t\t\t\tTreppenhausbr\u00fcstung\n\t\t\t\t<\/dd><\/dl><dl class='gallery-item'>\n\t\t\t<dt class='gallery-icon portrait'>\n\t\t\t\t<a href='https:\/\/cms.glasdesign-wieland.de\/wp-content\/uploads\/2023\/04\/IMG_4070-scaled.jpeg'><img loading=\"lazy\" decoding=\"async\" width=\"200\" height=\"300\" src=\"https:\/\/cms.glasdesign-wieland.de\/wp-content\/uploads\/2023\/04\/IMG_4070-200x300.jpeg\" class=\"attachment-medium size-medium\" alt=\"\" aria-describedby=\"gallery-1-276\" srcset=\"https:\/\/cms.glasdesign-wieland.de\/wp-content\/uploads\/2023\/04\/IMG_4070-200x300.jpeg 200w, https:\/\/cms.glasdesign-wieland.de\/wp-content\/uploads\/2023\/04\/IMG_4070-683x1024.jpeg 683w, https:\/\/cms.glasdesign-wieland.de\/wp-content\/uploads\/2023\/04\/IMG_4070-768x1152.jpeg 768w, https:\/\/cms.glasdesign-wieland.de\/wp-content\/uploads\/2023\/04\/IMG_4070-1024x1536.jpeg 1024w, https:\/\/cms.glasdesign-wieland.de\/wp-content\/uploads\/2023\/04\/IMG_4070-1365x2048.jpeg 1365w, https:\/\/cms.glasdesign-wieland.de\/wp-content\/uploads\/2023\/04\/IMG_4070-scaled.jpeg 1707w\" sizes=\"auto, (max-width: 200px) 100vw, 200px\" \/><\/a>\n\t\t\t<\/dt>\n\t\t\t\t<dd class='wp-caption-text gallery-caption' id='gallery-1-276'>\n\t\t\t\tTreppenhausbr\u00fcstung\n\t\t\t\t<\/dd><\/dl>\n\t\t\t<br style='clear: both' \/>\n\t\t<\/div>\n\n","protected":false},"excerpt":{"rendered":"<p>Transparente Sicherheit mit Stil Unsere ma\u00dfgefertigten Glasbr\u00fcstungen vereinen h\u00f6chste Sicherheitsstandards mit zeitloser Eleganz. Erleben Sie die Leichtigkeit transparenter Raumgestaltung, w\u00e4hrend gleichzeitig eine sichere Abgrenzung gew\u00e4hrleistet wird. Bei Glasdesign Wieland setzen wir auf hochwertiges Glas, das nicht nur Schutz bietet, sondern auch ein Statement f\u00fcr modernes Wohnen ist. Klare Linien, klare Sicht Glasdesign Wieland steht f\u00fcr&hellip;<\/p>\n","protected":false},"author":1,"featured_media":0,"parent":0,"menu_order":4,"comment_status":"closed","ping_status":"closed","template":"","meta":{"footnotes":""},"class_list":["post-29","page","type-page","status-publish","hentry"],"yoast_head":"<!-- This site is optimized with the Yoast SEO plugin v27.4 - https:\/\/yoast.com\/product\/yoast-seo-wordpress\/ -->\n<title>Br\u00fcstungen - Glasdesign-Wieland<\/title>\n<meta name=\"robots\" content=\"index, follow, max-snippet:-1, max-image-preview:large, max-video-preview:-1\" \/>\n<link rel=\"canonical\" href=\"https:\/\/cms.glasdesign-wieland.de\/?page_id=29\" \/>\n<meta property=\"og:locale\" content=\"de_DE\" \/>\n<meta property=\"og:type\" content=\"article\" \/>\n<meta property=\"og:title\" content=\"Br\u00fcstungen - Glasdesign-Wieland\" \/>\n<meta property=\"og:description\" content=\"Transparente Sicherheit mit Stil Unsere ma\u00dfgefertigten Glasbr\u00fcstungen vereinen h\u00f6chste Sicherheitsstandards mit zeitloser Eleganz. Erleben Sie die Leichtigkeit transparenter Raumgestaltung, w\u00e4hrend gleichzeitig eine sichere Abgrenzung gew\u00e4hrleistet wird. Bei Glasdesign Wieland setzen wir auf hochwertiges Glas, das nicht nur Schutz bietet, sondern auch ein Statement f\u00fcr modernes Wohnen ist. Klare Linien, klare Sicht Glasdesign Wieland steht f\u00fcr&hellip;\" \/>\n<meta property=\"og:url\" content=\"https:\/\/cms.glasdesign-wieland.de\/?page_id=29\" \/>\n<meta property=\"og:site_name\" content=\"Glasdesign-Wieland\" \/>\n<meta property=\"article:modified_time\" content=\"2024-04-20T17:23:07+00:00\" \/>\n<meta property=\"og:image\" content=\"https:\/\/cms.glasdesign-wieland.de\/wp-content\/uploads\/2022\/04\/001.Balkonverglasung-300x225.jpg\" \/>\n<meta name=\"twitter:card\" content=\"summary_large_image\" \/>\n<meta name=\"twitter:label1\" content=\"Gesch\u00e4tzte Lesezeit\" \/>\n\t<meta name=\"twitter:data1\" content=\"1\u00a0Minute\" \/>\n<script type=\"application\/ld+json\" class=\"yoast-schema-graph\">{\"@context\":\"https:\\\/\\\/schema.org\",\"@graph\":[{\"@type\":\"WebPage\",\"@id\":\"https:\\\/\\\/cms.glasdesign-wieland.de\\\/?page_id=29\",\"url\":\"https:\\\/\\\/cms.glasdesign-wieland.de\\\/?page_id=29\",\"name\":\"Br\u00fcstungen - Glasdesign-Wieland\",\"isPartOf\":{\"@id\":\"https:\\\/\\\/cms.glasdesign-wieland.de\\\/#website\"},\"datePublished\":\"2022-04-25T11:32:22+00:00\",\"dateModified\":\"2024-04-20T17:23:07+00:00\",\"breadcrumb\":{\"@id\":\"https:\\\/\\\/cms.glasdesign-wieland.de\\\/?page_id=29#breadcrumb\"},\"inLanguage\":\"de\",\"potentialAction\":[{\"@type\":\"ReadAction\",\"target\":[\"https:\\\/\\\/cms.glasdesign-wieland.de\\\/?page_id=29\"]}]},{\"@type\":\"BreadcrumbList\",\"@id\":\"https:\\\/\\\/cms.glasdesign-wieland.de\\\/?page_id=29#breadcrumb\",\"itemListElement\":[{\"@type\":\"ListItem\",\"position\":1,\"name\":\"Startseite\",\"item\":\"https:\\\/\\\/cms.glasdesign-wieland.de\\\/\"},{\"@type\":\"ListItem\",\"position\":2,\"name\":\"Br\u00fcstungen\"}]},{\"@type\":\"WebSite\",\"@id\":\"https:\\\/\\\/cms.glasdesign-wieland.de\\\/#website\",\"url\":\"https:\\\/\\\/cms.glasdesign-wieland.de\\\/\",\"name\":\"Glasdesign-Wieland\",\"description\":\"GLAS einfach sch\u00f6ner.\",\"potentialAction\":[{\"@type\":\"SearchAction\",\"target\":{\"@type\":\"EntryPoint\",\"urlTemplate\":\"https:\\\/\\\/cms.glasdesign-wieland.de\\\/?s={search_term_string}\"},\"query-input\":{\"@type\":\"PropertyValueSpecification\",\"valueRequired\":true,\"valueName\":\"search_term_string\"}}],\"inLanguage\":\"de\"}]}<\/script>\n<!-- \/ Yoast SEO plugin. -->","yoast_head_json":{"title":"Br\u00fcstungen - Glasdesign-Wieland","robots":{"index":"index","follow":"follow","max-snippet":"max-snippet:-1","max-image-preview":"max-image-preview:large","max-video-preview":"max-video-preview:-1"},"canonical":"https:\/\/cms.glasdesign-wieland.de\/?page_id=29","og_locale":"de_DE","og_type":"article","og_title":"Br\u00fcstungen - Glasdesign-Wieland","og_description":"Transparente Sicherheit mit Stil Unsere ma\u00dfgefertigten Glasbr\u00fcstungen vereinen h\u00f6chste Sicherheitsstandards mit zeitloser Eleganz. Erleben Sie die Leichtigkeit transparenter Raumgestaltung, w\u00e4hrend gleichzeitig eine sichere Abgrenzung gew\u00e4hrleistet wird. Bei Glasdesign Wieland setzen wir auf hochwertiges Glas, das nicht nur Schutz bietet, sondern auch ein Statement f\u00fcr modernes Wohnen ist. Klare Linien, klare Sicht Glasdesign Wieland steht f\u00fcr&hellip;","og_url":"https:\/\/cms.glasdesign-wieland.de\/?page_id=29","og_site_name":"Glasdesign-Wieland","article_modified_time":"2024-04-20T17:23:07+00:00","og_image":[{"url":"https:\/\/cms.glasdesign-wieland.de\/wp-content\/uploads\/2022\/04\/001.Balkonverglasung-300x225.jpg","type":"","width":"","height":""}],"twitter_card":"summary_large_image","twitter_misc":{"Gesch\u00e4tzte Lesezeit":"1\u00a0Minute"},"schema":{"@context":"https:\/\/schema.org","@graph":[{"@type":"WebPage","@id":"https:\/\/cms.glasdesign-wieland.de\/?page_id=29","url":"https:\/\/cms.glasdesign-wieland.de\/?page_id=29","name":"Br\u00fcstungen - Glasdesign-Wieland","isPartOf":{"@id":"https:\/\/cms.glasdesign-wieland.de\/#website"},"datePublished":"2022-04-25T11:32:22+00:00","dateModified":"2024-04-20T17:23:07+00:00","breadcrumb":{"@id":"https:\/\/cms.glasdesign-wieland.de\/?page_id=29#breadcrumb"},"inLanguage":"de","potentialAction":[{"@type":"ReadAction","target":["https:\/\/cms.glasdesign-wieland.de\/?page_id=29"]}]},{"@type":"BreadcrumbList","@id":"https:\/\/cms.glasdesign-wieland.de\/?page_id=29#breadcrumb","itemListElement":[{"@type":"ListItem","position":1,"name":"Startseite","item":"https:\/\/cms.glasdesign-wieland.de\/"},{"@type":"ListItem","position":2,"name":"Br\u00fcstungen"}]},{"@type":"WebSite","@id":"https:\/\/cms.glasdesign-wieland.de\/#website","url":"https:\/\/cms.glasdesign-wieland.de\/","name":"Glasdesign-Wieland","description":"GLAS einfach sch\u00f6ner.","potentialAction":[{"@type":"SearchAction","target":{"@type":"EntryPoint","urlTemplate":"https:\/\/cms.glasdesign-wieland.de\/?s={search_term_string}"},"query-input":{"@type":"PropertyValueSpecification","valueRequired":true,"valueName":"search_term_string"}}],"inLanguage":"de"}]}},"_links":{"self":[{"href":"https:\/\/cms.glasdesign-wieland.de\/index.php?rest_route=\/wp\/v2\/pages\/29","targetHints":{"allow":["GET"]}}],"collection":[{"href":"https:\/\/cms.glasdesign-wieland.de\/index.php?rest_route=\/wp\/v2\/pages"}],"about":[{"href":"https:\/\/cms.glasdesign-wieland.de\/index.php?rest_route=\/wp\/v2\/types\/page"}],"author":[{"embeddable":true,"href":"https:\/\/cms.glasdesign-wieland.de\/index.php?rest_route=\/wp\/v2\/users\/1"}],"replies":[{"embeddable":true,"href":"https:\/\/cms.glasdesign-wieland.de\/index.php?rest_route=%2Fwp%2Fv2%2Fcomments&post=29"}],"version-history":[{"count":11,"href":"https:\/\/cms.glasdesign-wieland.de\/index.php?rest_route=\/wp\/v2\/pages\/29\/revisions"}],"predecessor-version":[{"id":334,"href":"https:\/\/cms.glasdesign-wieland.de\/index.php?rest_route=\/wp\/v2\/pages\/29\/revisions\/334"}],"wp:attachment":[{"href":"https:\/\/cms.glasdesign-wieland.de\/index.php?rest_route=%2Fwp%2Fv2%2Fmedia&parent=29"}],"curies":[{"name":"wp","href":"https:\/\/api.w.org\/{rel}","templated":true}]}}