{"id":27,"date":"2022-04-25T13:31:57","date_gmt":"2022-04-25T11:31:57","guid":{"rendered":"https:\/\/cms.glasdesign-wieland.de\/?page_id=27"},"modified":"2024-04-20T20:05:23","modified_gmt":"2024-04-20T18:05:23","slug":"vordaecher","status":"publish","type":"page","link":"https:\/\/cms.glasdesign-wieland.de\/?page_id=27","title":{"rendered":"Vord\u00e4cher"},"content":{"rendered":"<h3 style=\"text-align: justify;\"><strong><span style=\"font-family: arial, helvetica, sans-serif; font-size: 12pt;\">Eingangs\u00e4sthetik neu definiert<\/span><\/strong><\/h3>\n<p style=\"text-align: justify;\"><span style=\"font-family: arial, helvetica, sans-serif; font-size: 12pt;\">Unsere ma\u00dfgefertigten Vord\u00e4cher aus hochwertigem Glas sind nicht nur Schutz vor den Elementen, sondern auch ein Statement f\u00fcr modernes Design. Erleben Sie die Eleganz transparenter \u00dcberdachungen, die Ihrem Eingangsbereich einen zeitlosen Charakter verleihen. Wir bieten eine Vielfalt von Designs, die sowohl zu zeitgen\u00f6ssischer Architektur als auch zu klassischen Stilen passen.<\/span><\/p>\n<h3 style=\"text-align: justify;\"><strong><span style=\"font-family: arial, helvetica, sans-serif; font-size: 12pt;\">Klarheit trifft auf Schutz<\/span><\/strong><\/h3>\n<p style=\"text-align: justify;\"><span style=\"font-family: arial, helvetica, sans-serif; font-size: 12pt;\">Unsere Vord\u00e4cher sch\u00fctzen nicht nur vor Witterungseinfl\u00fcssen, sondern schaffen auch eine einladende Atmosph\u00e4re. Mit Pr\u00e4zision gefertigt, bieten sie nicht nur Sichtschutz, sondern auch eine harmonische Verbindung zwischen Innen und Au\u00dfen.<\/span><\/p>\n<h3 style=\"text-align: justify;\"><strong><span style=\"font-family: arial, helvetica, sans-serif; font-size: 12pt;\">Individuelle L\u00f6sungen f\u00fcr Ihren Eingang<\/span><\/strong><\/h3>\n<p style=\"text-align: justify;\"><span style=\"font-family: arial, helvetica, sans-serif; font-size: 12pt;\">Gemeinsam mit Ihnen entwickeln wir ma\u00dfgeschneiderte Vord\u00e4cher, die nicht nur funktional, sondern auch \u00e4sthetisch \u00fcberzeugen. Ob freistehend, an der Hauswand oder als markantes Designelement \u2013 wir realisieren Ihre Visionen von einem einladenden Eingangsbereich.<\/span><\/p>\n<p>&nbsp;<\/p>\n<p>&nbsp;<\/p>\n<p style=\"text-align: center;\"><span style=\"font-family: arial, helvetica, sans-serif;\"><strong>Vord\u00e4cher:<\/strong><\/span><\/p>\n\n\t\t<style type=\"text\/css\">\n\t\t\t#gallery-1 {\n\t\t\t\tmargin: auto;\n\t\t\t}\n\t\t\t#gallery-1 .gallery-item {\n\t\t\t\tfloat: left;\n\t\t\t\tmargin-top: 10px;\n\t\t\t\ttext-align: center;\n\t\t\t\twidth: 33%;\n\t\t\t}\n\t\t\t#gallery-1 img {\n\t\t\t\tborder: 2px solid #cfcfcf;\n\t\t\t}\n\t\t\t#gallery-1 .gallery-caption {\n\t\t\t\tmargin-left: 0;\n\t\t\t}\n\t\t\t\/* see gallery_shortcode() in wp-includes\/media.php *\/\n\t\t<\/style>\n\t\t<div id='gallery-1' class='gallery galleryid-27 gallery-columns-3 gallery-size-large'><dl class='gallery-item'>\n\t\t\t<dt class='gallery-icon landscape'>\n\t\t\t\t<a href='https:\/\/cms.glasdesign-wieland.de\/wp-content\/uploads\/2022\/04\/001.Vordach.jpg'><img loading=\"lazy\" decoding=\"async\" width=\"1024\" height=\"768\" src=\"https:\/\/cms.glasdesign-wieland.de\/wp-content\/uploads\/2022\/04\/001.Vordach-1024x768.jpg\" class=\"attachment-large size-large\" alt=\"\" srcset=\"https:\/\/cms.glasdesign-wieland.de\/wp-content\/uploads\/2022\/04\/001.Vordach-1024x768.jpg 1024w, https:\/\/cms.glasdesign-wieland.de\/wp-content\/uploads\/2022\/04\/001.Vordach-300x225.jpg 300w, https:\/\/cms.glasdesign-wieland.de\/wp-content\/uploads\/2022\/04\/001.Vordach-768x576.jpg 768w, https:\/\/cms.glasdesign-wieland.de\/wp-content\/uploads\/2022\/04\/001.Vordach-120x90.jpg 120w, https:\/\/cms.glasdesign-wieland.de\/wp-content\/uploads\/2022\/04\/001.Vordach.jpg 1532w\" sizes=\"auto, (max-width: 1024px) 100vw, 1024px\" \/><\/a>\n\t\t\t<\/dt><\/dl><dl class='gallery-item'>\n\t\t\t<dt class='gallery-icon landscape'>\n\t\t\t\t<a href='https:\/\/cms.glasdesign-wieland.de\/wp-content\/uploads\/2022\/04\/002.Vordach.jpg'><img loading=\"lazy\" decoding=\"async\" width=\"1024\" height=\"768\" src=\"https:\/\/cms.glasdesign-wieland.de\/wp-content\/uploads\/2022\/04\/002.Vordach-1024x768.jpg\" class=\"attachment-large size-large\" alt=\"\" srcset=\"https:\/\/cms.glasdesign-wieland.de\/wp-content\/uploads\/2022\/04\/002.Vordach-1024x768.jpg 1024w, https:\/\/cms.glasdesign-wieland.de\/wp-content\/uploads\/2022\/04\/002.Vordach-300x225.jpg 300w, https:\/\/cms.glasdesign-wieland.de\/wp-content\/uploads\/2022\/04\/002.Vordach-768x576.jpg 768w, https:\/\/cms.glasdesign-wieland.de\/wp-content\/uploads\/2022\/04\/002.Vordach-1536x1152.jpg 1536w, https:\/\/cms.glasdesign-wieland.de\/wp-content\/uploads\/2022\/04\/002.Vordach-120x90.jpg 120w, https:\/\/cms.glasdesign-wieland.de\/wp-content\/uploads\/2022\/04\/002.Vordach.jpg 1855w\" sizes=\"auto, (max-width: 1024px) 100vw, 1024px\" \/><\/a>\n\t\t\t<\/dt><\/dl><dl class='gallery-item'>\n\t\t\t<dt class='gallery-icon landscape'>\n\t\t\t\t<a href='https:\/\/cms.glasdesign-wieland.de\/wp-content\/uploads\/2022\/04\/003.Vordach-1.jpg'><img loading=\"lazy\" decoding=\"async\" width=\"938\" height=\"704\" src=\"https:\/\/cms.glasdesign-wieland.de\/wp-content\/uploads\/2022\/04\/003.Vordach-1.jpg\" class=\"attachment-large size-large\" alt=\"\" srcset=\"https:\/\/cms.glasdesign-wieland.de\/wp-content\/uploads\/2022\/04\/003.Vordach-1.jpg 938w, https:\/\/cms.glasdesign-wieland.de\/wp-content\/uploads\/2022\/04\/003.Vordach-1-300x225.jpg 300w, https:\/\/cms.glasdesign-wieland.de\/wp-content\/uploads\/2022\/04\/003.Vordach-1-768x576.jpg 768w, https:\/\/cms.glasdesign-wieland.de\/wp-content\/uploads\/2022\/04\/003.Vordach-1-120x90.jpg 120w\" sizes=\"auto, (max-width: 938px) 100vw, 938px\" \/><\/a>\n\t\t\t<\/dt><\/dl><br style=\"clear: both\" \/><dl class='gallery-item'>\n\t\t\t<dt class='gallery-icon landscape'>\n\t\t\t\t<a href='https:\/\/cms.glasdesign-wieland.de\/wp-content\/uploads\/2022\/09\/Vordach-rustikal-1-scaled.jpg'><img loading=\"lazy\" decoding=\"async\" width=\"1024\" height=\"627\" src=\"https:\/\/cms.glasdesign-wieland.de\/wp-content\/uploads\/2022\/09\/Vordach-rustikal-1-1024x627.jpg\" class=\"attachment-large size-large\" alt=\"\" srcset=\"https:\/\/cms.glasdesign-wieland.de\/wp-content\/uploads\/2022\/09\/Vordach-rustikal-1-1024x627.jpg 1024w, https:\/\/cms.glasdesign-wieland.de\/wp-content\/uploads\/2022\/09\/Vordach-rustikal-1-300x184.jpg 300w, https:\/\/cms.glasdesign-wieland.de\/wp-content\/uploads\/2022\/09\/Vordach-rustikal-1-768x470.jpg 768w, https:\/\/cms.glasdesign-wieland.de\/wp-content\/uploads\/2022\/09\/Vordach-rustikal-1-1536x940.jpg 1536w, https:\/\/cms.glasdesign-wieland.de\/wp-content\/uploads\/2022\/09\/Vordach-rustikal-1-2048x1254.jpg 2048w\" sizes=\"auto, (max-width: 1024px) 100vw, 1024px\" \/><\/a>\n\t\t\t<\/dt><\/dl>\n\t\t\t<br style='clear: both' \/>\n\t\t<\/div>\n\n","protected":false},"excerpt":{"rendered":"<p>Eingangs\u00e4sthetik neu definiert Unsere ma\u00dfgefertigten Vord\u00e4cher aus hochwertigem Glas sind nicht nur Schutz vor den Elementen, sondern auch ein Statement f\u00fcr modernes Design. Erleben Sie die Eleganz transparenter \u00dcberdachungen, die Ihrem Eingangsbereich einen zeitlosen Charakter verleihen. Wir bieten eine Vielfalt von Designs, die sowohl zu zeitgen\u00f6ssischer Architektur als auch zu klassischen Stilen passen. Klarheit trifft&hellip;<\/p>\n","protected":false},"author":1,"featured_media":0,"parent":0,"menu_order":3,"comment_status":"closed","ping_status":"closed","template":"","meta":{"footnotes":""},"class_list":["post-27","page","type-page","status-publish","hentry"],"yoast_head":"<!-- This site is optimized with the Yoast SEO plugin v27.4 - https:\/\/yoast.com\/product\/yoast-seo-wordpress\/ -->\n<title>Vord\u00e4cher - Glasdesign-Wieland<\/title>\n<meta name=\"robots\" content=\"index, follow, max-snippet:-1, max-image-preview:large, max-video-preview:-1\" \/>\n<link rel=\"canonical\" href=\"https:\/\/cms.glasdesign-wieland.de\/?page_id=27\" \/>\n<meta property=\"og:locale\" content=\"de_DE\" \/>\n<meta property=\"og:type\" content=\"article\" \/>\n<meta property=\"og:title\" content=\"Vord\u00e4cher - Glasdesign-Wieland\" \/>\n<meta property=\"og:description\" content=\"Eingangs\u00e4sthetik neu definiert Unsere ma\u00dfgefertigten Vord\u00e4cher aus hochwertigem Glas sind nicht nur Schutz vor den Elementen, sondern auch ein Statement f\u00fcr modernes Design. Erleben Sie die Eleganz transparenter \u00dcberdachungen, die Ihrem Eingangsbereich einen zeitlosen Charakter verleihen. Wir bieten eine Vielfalt von Designs, die sowohl zu zeitgen\u00f6ssischer Architektur als auch zu klassischen Stilen passen. Klarheit trifft&hellip;\" \/>\n<meta property=\"og:url\" content=\"https:\/\/cms.glasdesign-wieland.de\/?page_id=27\" \/>\n<meta property=\"og:site_name\" content=\"Glasdesign-Wieland\" \/>\n<meta property=\"article:modified_time\" content=\"2024-04-20T18:05:23+00:00\" \/>\n<meta property=\"og:image\" content=\"https:\/\/cms.glasdesign-wieland.de\/wp-content\/uploads\/2022\/04\/001.Vordach-1024x768.jpg\" \/>\n<meta name=\"twitter:card\" content=\"summary_large_image\" \/>\n<meta name=\"twitter:label1\" content=\"Gesch\u00e4tzte Lesezeit\" \/>\n\t<meta name=\"twitter:data1\" content=\"1\u00a0Minute\" \/>\n<script type=\"application\/ld+json\" class=\"yoast-schema-graph\">{\"@context\":\"https:\\\/\\\/schema.org\",\"@graph\":[{\"@type\":\"WebPage\",\"@id\":\"https:\\\/\\\/cms.glasdesign-wieland.de\\\/?page_id=27\",\"url\":\"https:\\\/\\\/cms.glasdesign-wieland.de\\\/?page_id=27\",\"name\":\"Vord\u00e4cher - Glasdesign-Wieland\",\"isPartOf\":{\"@id\":\"https:\\\/\\\/cms.glasdesign-wieland.de\\\/#website\"},\"datePublished\":\"2022-04-25T11:31:57+00:00\",\"dateModified\":\"2024-04-20T18:05:23+00:00\",\"breadcrumb\":{\"@id\":\"https:\\\/\\\/cms.glasdesign-wieland.de\\\/?page_id=27#breadcrumb\"},\"inLanguage\":\"de\",\"potentialAction\":[{\"@type\":\"ReadAction\",\"target\":[\"https:\\\/\\\/cms.glasdesign-wieland.de\\\/?page_id=27\"]}]},{\"@type\":\"BreadcrumbList\",\"@id\":\"https:\\\/\\\/cms.glasdesign-wieland.de\\\/?page_id=27#breadcrumb\",\"itemListElement\":[{\"@type\":\"ListItem\",\"position\":1,\"name\":\"Startseite\",\"item\":\"https:\\\/\\\/cms.glasdesign-wieland.de\\\/\"},{\"@type\":\"ListItem\",\"position\":2,\"name\":\"Vord\u00e4cher\"}]},{\"@type\":\"WebSite\",\"@id\":\"https:\\\/\\\/cms.glasdesign-wieland.de\\\/#website\",\"url\":\"https:\\\/\\\/cms.glasdesign-wieland.de\\\/\",\"name\":\"Glasdesign-Wieland\",\"description\":\"GLAS einfach sch\u00f6ner.\",\"potentialAction\":[{\"@type\":\"SearchAction\",\"target\":{\"@type\":\"EntryPoint\",\"urlTemplate\":\"https:\\\/\\\/cms.glasdesign-wieland.de\\\/?s={search_term_string}\"},\"query-input\":{\"@type\":\"PropertyValueSpecification\",\"valueRequired\":true,\"valueName\":\"search_term_string\"}}],\"inLanguage\":\"de\"}]}<\/script>\n<!-- \/ Yoast SEO plugin. -->","yoast_head_json":{"title":"Vord\u00e4cher - Glasdesign-Wieland","robots":{"index":"index","follow":"follow","max-snippet":"max-snippet:-1","max-image-preview":"max-image-preview:large","max-video-preview":"max-video-preview:-1"},"canonical":"https:\/\/cms.glasdesign-wieland.de\/?page_id=27","og_locale":"de_DE","og_type":"article","og_title":"Vord\u00e4cher - Glasdesign-Wieland","og_description":"Eingangs\u00e4sthetik neu definiert Unsere ma\u00dfgefertigten Vord\u00e4cher aus hochwertigem Glas sind nicht nur Schutz vor den Elementen, sondern auch ein Statement f\u00fcr modernes Design. Erleben Sie die Eleganz transparenter \u00dcberdachungen, die Ihrem Eingangsbereich einen zeitlosen Charakter verleihen. Wir bieten eine Vielfalt von Designs, die sowohl zu zeitgen\u00f6ssischer Architektur als auch zu klassischen Stilen passen. Klarheit trifft&hellip;","og_url":"https:\/\/cms.glasdesign-wieland.de\/?page_id=27","og_site_name":"Glasdesign-Wieland","article_modified_time":"2024-04-20T18:05:23+00:00","og_image":[{"url":"https:\/\/cms.glasdesign-wieland.de\/wp-content\/uploads\/2022\/04\/001.Vordach-1024x768.jpg","type":"","width":"","height":""}],"twitter_card":"summary_large_image","twitter_misc":{"Gesch\u00e4tzte Lesezeit":"1\u00a0Minute"},"schema":{"@context":"https:\/\/schema.org","@graph":[{"@type":"WebPage","@id":"https:\/\/cms.glasdesign-wieland.de\/?page_id=27","url":"https:\/\/cms.glasdesign-wieland.de\/?page_id=27","name":"Vord\u00e4cher - Glasdesign-Wieland","isPartOf":{"@id":"https:\/\/cms.glasdesign-wieland.de\/#website"},"datePublished":"2022-04-25T11:31:57+00:00","dateModified":"2024-04-20T18:05:23+00:00","breadcrumb":{"@id":"https:\/\/cms.glasdesign-wieland.de\/?page_id=27#breadcrumb"},"inLanguage":"de","potentialAction":[{"@type":"ReadAction","target":["https:\/\/cms.glasdesign-wieland.de\/?page_id=27"]}]},{"@type":"BreadcrumbList","@id":"https:\/\/cms.glasdesign-wieland.de\/?page_id=27#breadcrumb","itemListElement":[{"@type":"ListItem","position":1,"name":"Startseite","item":"https:\/\/cms.glasdesign-wieland.de\/"},{"@type":"ListItem","position":2,"name":"Vord\u00e4cher"}]},{"@type":"WebSite","@id":"https:\/\/cms.glasdesign-wieland.de\/#website","url":"https:\/\/cms.glasdesign-wieland.de\/","name":"Glasdesign-Wieland","description":"GLAS einfach sch\u00f6ner.","potentialAction":[{"@type":"SearchAction","target":{"@type":"EntryPoint","urlTemplate":"https:\/\/cms.glasdesign-wieland.de\/?s={search_term_string}"},"query-input":{"@type":"PropertyValueSpecification","valueRequired":true,"valueName":"search_term_string"}}],"inLanguage":"de"}]}},"_links":{"self":[{"href":"https:\/\/cms.glasdesign-wieland.de\/index.php?rest_route=\/wp\/v2\/pages\/27","targetHints":{"allow":["GET"]}}],"collection":[{"href":"https:\/\/cms.glasdesign-wieland.de\/index.php?rest_route=\/wp\/v2\/pages"}],"about":[{"href":"https:\/\/cms.glasdesign-wieland.de\/index.php?rest_route=\/wp\/v2\/types\/page"}],"author":[{"embeddable":true,"href":"https:\/\/cms.glasdesign-wieland.de\/index.php?rest_route=\/wp\/v2\/users\/1"}],"replies":[{"embeddable":true,"href":"https:\/\/cms.glasdesign-wieland.de\/index.php?rest_route=%2Fwp%2Fv2%2Fcomments&post=27"}],"version-history":[{"count":6,"href":"https:\/\/cms.glasdesign-wieland.de\/index.php?rest_route=\/wp\/v2\/pages\/27\/revisions"}],"predecessor-version":[{"id":338,"href":"https:\/\/cms.glasdesign-wieland.de\/index.php?rest_route=\/wp\/v2\/pages\/27\/revisions\/338"}],"wp:attachment":[{"href":"https:\/\/cms.glasdesign-wieland.de\/index.php?rest_route=%2Fwp%2Fv2%2Fmedia&parent=27"}],"curies":[{"name":"wp","href":"https:\/\/api.w.org\/{rel}","templated":true}]}}