{"id":25,"date":"2022-04-25T13:31:47","date_gmt":"2022-04-25T11:31:47","guid":{"rendered":"https:\/\/cms.glasdesign-wieland.de\/?page_id=25"},"modified":"2024-04-20T20:07:25","modified_gmt":"2024-04-20T18:07:25","slug":"duschen","status":"publish","type":"page","link":"https:\/\/cms.glasdesign-wieland.de\/?page_id=25","title":{"rendered":"Duschen"},"content":{"rendered":"<h3 style=\"text-align: justify;\"><strong><span style=\"font-family: arial, helvetica, sans-serif; font-size: 12pt;\">Duschkabinen, die begeistern<\/span><\/strong><\/h3>\n<p style=\"text-align: justify;\"><span style=\"font-family: arial, helvetica, sans-serif; font-size: 12pt;\">Unsere ma\u00dfgefertigten Duschkabinen aus hochwertigem Glas setzen neue Ma\u00dfst\u00e4be in Sachen Design und Qualit\u00e4t. Erleben Sie den Luxus von transparenten Raumgrenzen und lassen Sie sich von der Leichtigkeit unserer Produkte \u00fcberzeugen. Wir bieten eine breite Palette von modernen Designs, angepasst an Ihre individuellen Bed\u00fcrfnisse und den verf\u00fcgbaren Raum.<\/span><\/p>\n<h3 style=\"text-align: justify;\"><strong><span style=\"font-family: arial, helvetica, sans-serif; font-size: 12pt;\">Transparente Eleganz f\u00fcr Ihr Badezimmer<\/span><\/strong><\/h3>\n<p style=\"text-align: justify;\"><span style=\"font-family: arial, helvetica, sans-serif; font-size: 12pt;\">Unsere Duschkabinen f\u00fcgen sich harmonisch in jedes Badezimmerkonzept ein und schaffen eine luftige Atmosph\u00e4re. Mit h\u00f6chster Pr\u00e4zision gefertigt, bieten sie nicht nur visuelle Eleganz, sondern auch Langlebigkeit und Pflegeleichtigkeit.<\/span><\/p>\n<h3 style=\"text-align: justify;\"><strong><span style=\"font-family: arial, helvetica, sans-serif; font-size: 12pt;\">Wellnesserlebnis f\u00fcr Zuhause<\/span><\/strong><\/h3>\n<p style=\"text-align: justify;\"><span style=\"font-family: arial, helvetica, sans-serif; font-size: 12pt;\">Genie\u00dfen Sie Ihr pers\u00f6nliches Spa-Erlebnis mit unseren individuell gestalteten Duschkabinen. Ob ger\u00e4umige Walk-In-Duschen oder platzsparende Eckkabinen \u2013 wir verwandeln Ihr Badezimmer in eine Oase der Entspannung und des Wohlbefindens.\u00a0<\/span><\/p>\n<p>&nbsp;<\/p>\n<p style=\"text-align: center;\"><strong><span style=\"font-family: arial, helvetica, sans-serif;\">Duschkabinen:<\/span><\/strong><\/p>\n\n\t\t<style type=\"text\/css\">\n\t\t\t#gallery-1 {\n\t\t\t\tmargin: auto;\n\t\t\t}\n\t\t\t#gallery-1 .gallery-item {\n\t\t\t\tfloat: left;\n\t\t\t\tmargin-top: 10px;\n\t\t\t\ttext-align: center;\n\t\t\t\twidth: 33%;\n\t\t\t}\n\t\t\t#gallery-1 img {\n\t\t\t\tborder: 2px solid #cfcfcf;\n\t\t\t}\n\t\t\t#gallery-1 .gallery-caption {\n\t\t\t\tmargin-left: 0;\n\t\t\t}\n\t\t\t\/* see gallery_shortcode() in wp-includes\/media.php *\/\n\t\t<\/style>\n\t\t<div id='gallery-1' class='gallery galleryid-25 gallery-columns-3 gallery-size-medium'><dl class='gallery-item'>\n\t\t\t<dt class='gallery-icon portrait'>\n\t\t\t\t<a href='https:\/\/cms.glasdesign-wieland.de\/wp-content\/uploads\/2023\/03\/7a7a3a61-adbd-48c7-ac1a-ddb71120f4c9.jpeg'><img loading=\"lazy\" decoding=\"async\" width=\"225\" height=\"300\" src=\"https:\/\/cms.glasdesign-wieland.de\/wp-content\/uploads\/2023\/03\/7a7a3a61-adbd-48c7-ac1a-ddb71120f4c9-225x300.jpeg\" class=\"attachment-medium size-medium\" alt=\"\" srcset=\"https:\/\/cms.glasdesign-wieland.de\/wp-content\/uploads\/2023\/03\/7a7a3a61-adbd-48c7-ac1a-ddb71120f4c9-225x300.jpeg 225w, https:\/\/cms.glasdesign-wieland.de\/wp-content\/uploads\/2023\/03\/7a7a3a61-adbd-48c7-ac1a-ddb71120f4c9-768x1024.jpeg 768w, https:\/\/cms.glasdesign-wieland.de\/wp-content\/uploads\/2023\/03\/7a7a3a61-adbd-48c7-ac1a-ddb71120f4c9-1152x1536.jpeg 1152w, https:\/\/cms.glasdesign-wieland.de\/wp-content\/uploads\/2023\/03\/7a7a3a61-adbd-48c7-ac1a-ddb71120f4c9.jpeg 1200w\" sizes=\"auto, (max-width: 225px) 100vw, 225px\" \/><\/a>\n\t\t\t<\/dt><\/dl><dl class='gallery-item'>\n\t\t\t<dt class='gallery-icon portrait'>\n\t\t\t\t<a href='https:\/\/cms.glasdesign-wieland.de\/wp-content\/uploads\/2022\/04\/004.Dusche-mit-Sichtschutz.jpg'><img loading=\"lazy\" decoding=\"async\" width=\"225\" height=\"300\" src=\"https:\/\/cms.glasdesign-wieland.de\/wp-content\/uploads\/2022\/04\/004.Dusche-mit-Sichtschutz-225x300.jpg\" class=\"attachment-medium size-medium\" alt=\"\" srcset=\"https:\/\/cms.glasdesign-wieland.de\/wp-content\/uploads\/2022\/04\/004.Dusche-mit-Sichtschutz-225x300.jpg 225w, https:\/\/cms.glasdesign-wieland.de\/wp-content\/uploads\/2022\/04\/004.Dusche-mit-Sichtschutz-768x1024.jpg 768w, https:\/\/cms.glasdesign-wieland.de\/wp-content\/uploads\/2022\/04\/004.Dusche-mit-Sichtschutz-1152x1536.jpg 1152w, https:\/\/cms.glasdesign-wieland.de\/wp-content\/uploads\/2022\/04\/004.Dusche-mit-Sichtschutz-1536x2048.jpg 1536w, https:\/\/cms.glasdesign-wieland.de\/wp-content\/uploads\/2022\/04\/004.Dusche-mit-Sichtschutz.jpg 1636w\" sizes=\"auto, (max-width: 225px) 100vw, 225px\" \/><\/a>\n\t\t\t<\/dt><\/dl><dl class='gallery-item'>\n\t\t\t<dt class='gallery-icon portrait'>\n\t\t\t\t<a href='https:\/\/cms.glasdesign-wieland.de\/wp-content\/uploads\/2022\/04\/005.Dusche-mit-Eckeinstieg.jpg'><img loading=\"lazy\" decoding=\"async\" width=\"225\" height=\"300\" src=\"https:\/\/cms.glasdesign-wieland.de\/wp-content\/uploads\/2022\/04\/005.Dusche-mit-Eckeinstieg-225x300.jpg\" class=\"attachment-medium size-medium\" alt=\"\" srcset=\"https:\/\/cms.glasdesign-wieland.de\/wp-content\/uploads\/2022\/04\/005.Dusche-mit-Eckeinstieg-225x300.jpg 225w, https:\/\/cms.glasdesign-wieland.de\/wp-content\/uploads\/2022\/04\/005.Dusche-mit-Eckeinstieg-768x1024.jpg 768w, https:\/\/cms.glasdesign-wieland.de\/wp-content\/uploads\/2022\/04\/005.Dusche-mit-Eckeinstieg-1152x1536.jpg 1152w, https:\/\/cms.glasdesign-wieland.de\/wp-content\/uploads\/2022\/04\/005.Dusche-mit-Eckeinstieg-1536x2048.jpg 1536w, https:\/\/cms.glasdesign-wieland.de\/wp-content\/uploads\/2022\/04\/005.Dusche-mit-Eckeinstieg.jpg 1622w\" sizes=\"auto, (max-width: 225px) 100vw, 225px\" \/><\/a>\n\t\t\t<\/dt><\/dl><br style=\"clear: both\" \/><dl class='gallery-item'>\n\t\t\t<dt class='gallery-icon portrait'>\n\t\t\t\t<a href='https:\/\/cms.glasdesign-wieland.de\/wp-content\/uploads\/2022\/04\/006.Dusche-mit-zwei-Faltwaenden.jpg'><img loading=\"lazy\" decoding=\"async\" width=\"225\" height=\"300\" src=\"https:\/\/cms.glasdesign-wieland.de\/wp-content\/uploads\/2022\/04\/006.Dusche-mit-zwei-Faltwaenden-225x300.jpg\" class=\"attachment-medium size-medium\" alt=\"\" srcset=\"https:\/\/cms.glasdesign-wieland.de\/wp-content\/uploads\/2022\/04\/006.Dusche-mit-zwei-Faltwaenden-225x300.jpg 225w, https:\/\/cms.glasdesign-wieland.de\/wp-content\/uploads\/2022\/04\/006.Dusche-mit-zwei-Faltwaenden-768x1024.jpg 768w, https:\/\/cms.glasdesign-wieland.de\/wp-content\/uploads\/2022\/04\/006.Dusche-mit-zwei-Faltwaenden-1152x1536.jpg 1152w, https:\/\/cms.glasdesign-wieland.de\/wp-content\/uploads\/2022\/04\/006.Dusche-mit-zwei-Faltwaenden.jpg 1200w\" sizes=\"auto, (max-width: 225px) 100vw, 225px\" \/><\/a>\n\t\t\t<\/dt><\/dl><dl class='gallery-item'>\n\t\t\t<dt class='gallery-icon portrait'>\n\t\t\t\t<a href='https:\/\/cms.glasdesign-wieland.de\/wp-content\/uploads\/2022\/04\/007.Dusche.jpg'><img loading=\"lazy\" decoding=\"async\" width=\"211\" height=\"300\" src=\"https:\/\/cms.glasdesign-wieland.de\/wp-content\/uploads\/2022\/04\/007.Dusche-211x300.jpg\" class=\"attachment-medium size-medium\" alt=\"\" srcset=\"https:\/\/cms.glasdesign-wieland.de\/wp-content\/uploads\/2022\/04\/007.Dusche-211x300.jpg 211w, https:\/\/cms.glasdesign-wieland.de\/wp-content\/uploads\/2022\/04\/007.Dusche.jpg 720w\" sizes=\"auto, (max-width: 211px) 100vw, 211px\" \/><\/a>\n\t\t\t<\/dt><\/dl><dl class='gallery-item'>\n\t\t\t<dt class='gallery-icon portrait'>\n\t\t\t\t<a href='https:\/\/cms.glasdesign-wieland.de\/wp-content\/uploads\/2022\/09\/PHOTO-2022-05-29-13-21-08.jpg'><img loading=\"lazy\" decoding=\"async\" width=\"224\" height=\"300\" src=\"https:\/\/cms.glasdesign-wieland.de\/wp-content\/uploads\/2022\/09\/PHOTO-2022-05-29-13-21-08-224x300.jpg\" class=\"attachment-medium size-medium\" alt=\"\" srcset=\"https:\/\/cms.glasdesign-wieland.de\/wp-content\/uploads\/2022\/09\/PHOTO-2022-05-29-13-21-08-224x300.jpg 224w, https:\/\/cms.glasdesign-wieland.de\/wp-content\/uploads\/2022\/09\/PHOTO-2022-05-29-13-21-08-765x1024.jpg 765w, https:\/\/cms.glasdesign-wieland.de\/wp-content\/uploads\/2022\/09\/PHOTO-2022-05-29-13-21-08-768x1027.jpg 768w, https:\/\/cms.glasdesign-wieland.de\/wp-content\/uploads\/2022\/09\/PHOTO-2022-05-29-13-21-08.jpg 1101w\" sizes=\"auto, (max-width: 224px) 100vw, 224px\" \/><\/a>\n\t\t\t<\/dt><\/dl><br style=\"clear: both\" \/><dl class='gallery-item'>\n\t\t\t<dt class='gallery-icon portrait'>\n\t\t\t\t<a href='https:\/\/cms.glasdesign-wieland.de\/wp-content\/uploads\/2022\/09\/dafec4ad-0d9f-4a19-8735-34e28cb49e4c.jpg'><img loading=\"lazy\" decoding=\"async\" width=\"225\" height=\"300\" src=\"https:\/\/cms.glasdesign-wieland.de\/wp-content\/uploads\/2022\/09\/dafec4ad-0d9f-4a19-8735-34e28cb49e4c-225x300.jpg\" class=\"attachment-medium size-medium\" alt=\"\" srcset=\"https:\/\/cms.glasdesign-wieland.de\/wp-content\/uploads\/2022\/09\/dafec4ad-0d9f-4a19-8735-34e28cb49e4c-225x300.jpg 225w, https:\/\/cms.glasdesign-wieland.de\/wp-content\/uploads\/2022\/09\/dafec4ad-0d9f-4a19-8735-34e28cb49e4c.jpg 768w\" sizes=\"auto, (max-width: 225px) 100vw, 225px\" \/><\/a>\n\t\t\t<\/dt><\/dl>\n\t\t\t<br style='clear: both' \/>\n\t\t<\/div>\n\n","protected":false},"excerpt":{"rendered":"<p>Duschkabinen, die begeistern Unsere ma\u00dfgefertigten Duschkabinen aus hochwertigem Glas setzen neue Ma\u00dfst\u00e4be in Sachen Design und Qualit\u00e4t. Erleben Sie den Luxus von transparenten Raumgrenzen und lassen Sie sich von der Leichtigkeit unserer Produkte \u00fcberzeugen. Wir bieten eine breite Palette von modernen Designs, angepasst an Ihre individuellen Bed\u00fcrfnisse und den verf\u00fcgbaren Raum. Transparente Eleganz f\u00fcr Ihr&hellip;<\/p>\n","protected":false},"author":1,"featured_media":0,"parent":0,"menu_order":2,"comment_status":"closed","ping_status":"closed","template":"","meta":{"footnotes":""},"class_list":["post-25","page","type-page","status-publish","hentry"],"yoast_head":"<!-- This site is optimized with the Yoast SEO plugin v27.4 - https:\/\/yoast.com\/product\/yoast-seo-wordpress\/ -->\n<title>Duschen - Glasdesign-Wieland<\/title>\n<meta name=\"robots\" content=\"index, follow, max-snippet:-1, max-image-preview:large, max-video-preview:-1\" \/>\n<link rel=\"canonical\" href=\"https:\/\/cms.glasdesign-wieland.de\/?page_id=25\" \/>\n<meta property=\"og:locale\" content=\"de_DE\" \/>\n<meta property=\"og:type\" content=\"article\" \/>\n<meta property=\"og:title\" content=\"Duschen - Glasdesign-Wieland\" \/>\n<meta property=\"og:description\" content=\"Duschkabinen, die begeistern Unsere ma\u00dfgefertigten Duschkabinen aus hochwertigem Glas setzen neue Ma\u00dfst\u00e4be in Sachen Design und Qualit\u00e4t. Erleben Sie den Luxus von transparenten Raumgrenzen und lassen Sie sich von der Leichtigkeit unserer Produkte \u00fcberzeugen. Wir bieten eine breite Palette von modernen Designs, angepasst an Ihre individuellen Bed\u00fcrfnisse und den verf\u00fcgbaren Raum. Transparente Eleganz f\u00fcr Ihr&hellip;\" \/>\n<meta property=\"og:url\" content=\"https:\/\/cms.glasdesign-wieland.de\/?page_id=25\" \/>\n<meta property=\"og:site_name\" content=\"Glasdesign-Wieland\" \/>\n<meta property=\"article:modified_time\" content=\"2024-04-20T18:07:25+00:00\" \/>\n<meta property=\"og:image\" content=\"https:\/\/cms.glasdesign-wieland.de\/wp-content\/uploads\/2023\/03\/7a7a3a61-adbd-48c7-ac1a-ddb71120f4c9-225x300.jpeg\" \/>\n<meta name=\"twitter:card\" content=\"summary_large_image\" \/>\n<meta name=\"twitter:label1\" content=\"Gesch\u00e4tzte Lesezeit\" \/>\n\t<meta name=\"twitter:data1\" content=\"1\u00a0Minute\" \/>\n<script type=\"application\/ld+json\" class=\"yoast-schema-graph\">{\"@context\":\"https:\\\/\\\/schema.org\",\"@graph\":[{\"@type\":\"WebPage\",\"@id\":\"https:\\\/\\\/cms.glasdesign-wieland.de\\\/?page_id=25\",\"url\":\"https:\\\/\\\/cms.glasdesign-wieland.de\\\/?page_id=25\",\"name\":\"Duschen - Glasdesign-Wieland\",\"isPartOf\":{\"@id\":\"https:\\\/\\\/cms.glasdesign-wieland.de\\\/#website\"},\"datePublished\":\"2022-04-25T11:31:47+00:00\",\"dateModified\":\"2024-04-20T18:07:25+00:00\",\"breadcrumb\":{\"@id\":\"https:\\\/\\\/cms.glasdesign-wieland.de\\\/?page_id=25#breadcrumb\"},\"inLanguage\":\"de\",\"potentialAction\":[{\"@type\":\"ReadAction\",\"target\":[\"https:\\\/\\\/cms.glasdesign-wieland.de\\\/?page_id=25\"]}]},{\"@type\":\"BreadcrumbList\",\"@id\":\"https:\\\/\\\/cms.glasdesign-wieland.de\\\/?page_id=25#breadcrumb\",\"itemListElement\":[{\"@type\":\"ListItem\",\"position\":1,\"name\":\"Startseite\",\"item\":\"https:\\\/\\\/cms.glasdesign-wieland.de\\\/\"},{\"@type\":\"ListItem\",\"position\":2,\"name\":\"Duschen\"}]},{\"@type\":\"WebSite\",\"@id\":\"https:\\\/\\\/cms.glasdesign-wieland.de\\\/#website\",\"url\":\"https:\\\/\\\/cms.glasdesign-wieland.de\\\/\",\"name\":\"Glasdesign-Wieland\",\"description\":\"GLAS einfach sch\u00f6ner.\",\"potentialAction\":[{\"@type\":\"SearchAction\",\"target\":{\"@type\":\"EntryPoint\",\"urlTemplate\":\"https:\\\/\\\/cms.glasdesign-wieland.de\\\/?s={search_term_string}\"},\"query-input\":{\"@type\":\"PropertyValueSpecification\",\"valueRequired\":true,\"valueName\":\"search_term_string\"}}],\"inLanguage\":\"de\"}]}<\/script>\n<!-- \/ Yoast SEO plugin. -->","yoast_head_json":{"title":"Duschen - Glasdesign-Wieland","robots":{"index":"index","follow":"follow","max-snippet":"max-snippet:-1","max-image-preview":"max-image-preview:large","max-video-preview":"max-video-preview:-1"},"canonical":"https:\/\/cms.glasdesign-wieland.de\/?page_id=25","og_locale":"de_DE","og_type":"article","og_title":"Duschen - Glasdesign-Wieland","og_description":"Duschkabinen, die begeistern Unsere ma\u00dfgefertigten Duschkabinen aus hochwertigem Glas setzen neue Ma\u00dfst\u00e4be in Sachen Design und Qualit\u00e4t. Erleben Sie den Luxus von transparenten Raumgrenzen und lassen Sie sich von der Leichtigkeit unserer Produkte \u00fcberzeugen. Wir bieten eine breite Palette von modernen Designs, angepasst an Ihre individuellen Bed\u00fcrfnisse und den verf\u00fcgbaren Raum. Transparente Eleganz f\u00fcr Ihr&hellip;","og_url":"https:\/\/cms.glasdesign-wieland.de\/?page_id=25","og_site_name":"Glasdesign-Wieland","article_modified_time":"2024-04-20T18:07:25+00:00","og_image":[{"url":"https:\/\/cms.glasdesign-wieland.de\/wp-content\/uploads\/2023\/03\/7a7a3a61-adbd-48c7-ac1a-ddb71120f4c9-225x300.jpeg","type":"","width":"","height":""}],"twitter_card":"summary_large_image","twitter_misc":{"Gesch\u00e4tzte Lesezeit":"1\u00a0Minute"},"schema":{"@context":"https:\/\/schema.org","@graph":[{"@type":"WebPage","@id":"https:\/\/cms.glasdesign-wieland.de\/?page_id=25","url":"https:\/\/cms.glasdesign-wieland.de\/?page_id=25","name":"Duschen - Glasdesign-Wieland","isPartOf":{"@id":"https:\/\/cms.glasdesign-wieland.de\/#website"},"datePublished":"2022-04-25T11:31:47+00:00","dateModified":"2024-04-20T18:07:25+00:00","breadcrumb":{"@id":"https:\/\/cms.glasdesign-wieland.de\/?page_id=25#breadcrumb"},"inLanguage":"de","potentialAction":[{"@type":"ReadAction","target":["https:\/\/cms.glasdesign-wieland.de\/?page_id=25"]}]},{"@type":"BreadcrumbList","@id":"https:\/\/cms.glasdesign-wieland.de\/?page_id=25#breadcrumb","itemListElement":[{"@type":"ListItem","position":1,"name":"Startseite","item":"https:\/\/cms.glasdesign-wieland.de\/"},{"@type":"ListItem","position":2,"name":"Duschen"}]},{"@type":"WebSite","@id":"https:\/\/cms.glasdesign-wieland.de\/#website","url":"https:\/\/cms.glasdesign-wieland.de\/","name":"Glasdesign-Wieland","description":"GLAS einfach sch\u00f6ner.","potentialAction":[{"@type":"SearchAction","target":{"@type":"EntryPoint","urlTemplate":"https:\/\/cms.glasdesign-wieland.de\/?s={search_term_string}"},"query-input":{"@type":"PropertyValueSpecification","valueRequired":true,"valueName":"search_term_string"}}],"inLanguage":"de"}]}},"_links":{"self":[{"href":"https:\/\/cms.glasdesign-wieland.de\/index.php?rest_route=\/wp\/v2\/pages\/25","targetHints":{"allow":["GET"]}}],"collection":[{"href":"https:\/\/cms.glasdesign-wieland.de\/index.php?rest_route=\/wp\/v2\/pages"}],"about":[{"href":"https:\/\/cms.glasdesign-wieland.de\/index.php?rest_route=\/wp\/v2\/types\/page"}],"author":[{"embeddable":true,"href":"https:\/\/cms.glasdesign-wieland.de\/index.php?rest_route=\/wp\/v2\/users\/1"}],"replies":[{"embeddable":true,"href":"https:\/\/cms.glasdesign-wieland.de\/index.php?rest_route=%2Fwp%2Fv2%2Fcomments&post=25"}],"version-history":[{"count":11,"href":"https:\/\/cms.glasdesign-wieland.de\/index.php?rest_route=\/wp\/v2\/pages\/25\/revisions"}],"predecessor-version":[{"id":339,"href":"https:\/\/cms.glasdesign-wieland.de\/index.php?rest_route=\/wp\/v2\/pages\/25\/revisions\/339"}],"wp:attachment":[{"href":"https:\/\/cms.glasdesign-wieland.de\/index.php?rest_route=%2Fwp%2Fv2%2Fmedia&parent=25"}],"curies":[{"name":"wp","href":"https:\/\/api.w.org\/{rel}","templated":true}]}}