{"id":23,"date":"2022-04-25T13:31:37","date_gmt":"2022-04-25T11:31:37","guid":{"rendered":"https:\/\/cms.glasdesign-wieland.de\/?page_id=23"},"modified":"2024-07-18T14:37:04","modified_gmt":"2024-07-18T12:37:04","slug":"tueren","status":"publish","type":"page","link":"https:\/\/cms.glasdesign-wieland.de\/?page_id=23","title":{"rendered":"T\u00fcren"},"content":{"rendered":"<h3 style=\"text-align: justify;\"><strong><span style=\"font-family: arial, helvetica, sans-serif; font-size: 12pt;\">Transparente Eleganz f\u00fcr Ihr Zuhause<\/span><\/strong><\/h3>\n<p style=\"text-align: justify;\"><span style=\"font-family: arial, helvetica, sans-serif; font-size: 12pt;\">Exklusive Auswahl an hochwertigen Glast\u00fcren, die durch Transparenz und Eleganz \u00fcberzeugen. Von modernen Entw\u00fcrfen bis hin zu zeitlosen Klassikern \u2013 bei uns finden Sie die perfekte Glasl\u00f6sung f\u00fcr Ihr individuelles Ambiente.<\/span><\/p>\n<h3 style=\"text-align: justify;\"><strong><span style=\"font-family: arial, helvetica, sans-serif; font-size: 12pt;\">Schiebet\u00fcren mit Stil<\/span><\/strong><\/h3>\n<p style=\"text-align: justify;\"><span style=\"font-family: arial, helvetica, sans-serif; font-size: 12pt;\">Ob als stilvolle Raumtrenner, platzsparende L\u00f6sungen oder beeindruckende Gestaltungselemente \u2013 unsere Schiebet\u00fcren setzen Akzente und verleihen Ihrem Zuhause eine unvergleichliche Atmosph\u00e4re. Entdecken Sie die Vielfalt der Bewegung mit Glasdesign Wieland.<\/span><\/p>\n<h3 style=\"text-align: justify;\"><strong><span style=\"font-family: arial, helvetica, sans-serif; font-size: 12pt;\">Qualit\u00e4t, die begeistert<\/span><\/strong><\/h3>\n<p style=\"text-align: justify;\"><span style=\"font-family: arial, helvetica, sans-serif; font-size: 12pt;\">Jede Glast\u00fcr wird mit Sorgfalt und Hingabe gefertigt, um h\u00f6chste Anspr\u00fcche an \u00c4sthetik und Funktionalit\u00e4t zu erf\u00fcllen. Unsere Glasprodukte sind nicht nur langlebig, sondern auch zeitlos elegant. Vertrauen Sie auf unsere Erfahrung und Expertise, um Ihr Zuhause mit exklusiven Glasl\u00f6sungen zu bereichern.<\/span><\/p>\n<p>&nbsp;<\/p>\n<p>&nbsp;<\/p>\n<p style=\"text-align: center;\"><strong><span style=\"font-family: arial, helvetica, sans-serif;\">T\u00fcren und Schiebet\u00fcren:<\/span><\/strong><\/p>\n\n\t\t<style type=\"text\/css\">\n\t\t\t#gallery-1 {\n\t\t\t\tmargin: auto;\n\t\t\t}\n\t\t\t#gallery-1 .gallery-item {\n\t\t\t\tfloat: left;\n\t\t\t\tmargin-top: 10px;\n\t\t\t\ttext-align: center;\n\t\t\t\twidth: 33%;\n\t\t\t}\n\t\t\t#gallery-1 img {\n\t\t\t\tborder: 2px solid #cfcfcf;\n\t\t\t}\n\t\t\t#gallery-1 .gallery-caption {\n\t\t\t\tmargin-left: 0;\n\t\t\t}\n\t\t\t\/* see gallery_shortcode() in wp-includes\/media.php *\/\n\t\t<\/style>\n\t\t<div id='gallery-1' class='gallery galleryid-23 gallery-columns-3 gallery-size-medium'><dl class='gallery-item'>\n\t\t\t<dt class='gallery-icon landscape'>\n\t\t\t\t<a href='https:\/\/cms.glasdesign-wieland.de\/wp-content\/uploads\/2022\/04\/001.5-teilige-Schiebetuer.jpg'><img loading=\"lazy\" decoding=\"async\" width=\"300\" height=\"225\" src=\"https:\/\/cms.glasdesign-wieland.de\/wp-content\/uploads\/2022\/04\/001.5-teilige-Schiebetuer-300x225.jpg\" class=\"attachment-medium size-medium\" alt=\"\" aria-describedby=\"gallery-1-95\" srcset=\"https:\/\/cms.glasdesign-wieland.de\/wp-content\/uploads\/2022\/04\/001.5-teilige-Schiebetuer-300x225.jpg 300w, https:\/\/cms.glasdesign-wieland.de\/wp-content\/uploads\/2022\/04\/001.5-teilige-Schiebetuer-1024x768.jpg 1024w, https:\/\/cms.glasdesign-wieland.de\/wp-content\/uploads\/2022\/04\/001.5-teilige-Schiebetuer-768x576.jpg 768w, https:\/\/cms.glasdesign-wieland.de\/wp-content\/uploads\/2022\/04\/001.5-teilige-Schiebetuer-120x90.jpg 120w, https:\/\/cms.glasdesign-wieland.de\/wp-content\/uploads\/2022\/04\/001.5-teilige-Schiebetuer.jpg 1188w\" sizes=\"auto, (max-width: 300px) 100vw, 300px\" \/><\/a>\n\t\t\t<\/dt>\n\t\t\t\t<dd class='wp-caption-text gallery-caption' id='gallery-1-95'>\n\t\t\t\t5-teilige Schiebet\u00fcr\n\t\t\t\t<\/dd><\/dl><dl class='gallery-item'>\n\t\t\t<dt class='gallery-icon landscape'>\n\t\t\t\t<a href='https:\/\/cms.glasdesign-wieland.de\/wp-content\/uploads\/2022\/04\/002.Pendeltuere.jpg'><img loading=\"lazy\" decoding=\"async\" width=\"300\" height=\"225\" src=\"https:\/\/cms.glasdesign-wieland.de\/wp-content\/uploads\/2022\/04\/002.Pendeltuere-300x225.jpg\" class=\"attachment-medium size-medium\" alt=\"\" aria-describedby=\"gallery-1-96\" srcset=\"https:\/\/cms.glasdesign-wieland.de\/wp-content\/uploads\/2022\/04\/002.Pendeltuere-300x225.jpg 300w, https:\/\/cms.glasdesign-wieland.de\/wp-content\/uploads\/2022\/04\/002.Pendeltuere-1024x768.jpg 1024w, https:\/\/cms.glasdesign-wieland.de\/wp-content\/uploads\/2022\/04\/002.Pendeltuere-768x576.jpg 768w, https:\/\/cms.glasdesign-wieland.de\/wp-content\/uploads\/2022\/04\/002.Pendeltuere-120x90.jpg 120w, https:\/\/cms.glasdesign-wieland.de\/wp-content\/uploads\/2022\/04\/002.Pendeltuere.jpg 1188w\" sizes=\"auto, (max-width: 300px) 100vw, 300px\" \/><\/a>\n\t\t\t<\/dt>\n\t\t\t\t<dd class='wp-caption-text gallery-caption' id='gallery-1-96'>\n\t\t\t\tPendelt\u00fcre\n\t\t\t\t<\/dd><\/dl><dl class='gallery-item'>\n\t\t\t<dt class='gallery-icon landscape'>\n\t\t\t\t<a href='https:\/\/cms.glasdesign-wieland.de\/wp-content\/uploads\/2022\/04\/003.Kleiderschrank-vierteilig.jpeg'><img loading=\"lazy\" decoding=\"async\" width=\"300\" height=\"226\" src=\"https:\/\/cms.glasdesign-wieland.de\/wp-content\/uploads\/2022\/04\/003.Kleiderschrank-vierteilig-300x226.jpeg\" class=\"attachment-medium size-medium\" alt=\"\" aria-describedby=\"gallery-1-97\" srcset=\"https:\/\/cms.glasdesign-wieland.de\/wp-content\/uploads\/2022\/04\/003.Kleiderschrank-vierteilig-300x226.jpeg 300w, https:\/\/cms.glasdesign-wieland.de\/wp-content\/uploads\/2022\/04\/003.Kleiderschrank-vierteilig-1024x773.jpeg 1024w, https:\/\/cms.glasdesign-wieland.de\/wp-content\/uploads\/2022\/04\/003.Kleiderschrank-vierteilig-768x579.jpeg 768w, https:\/\/cms.glasdesign-wieland.de\/wp-content\/uploads\/2022\/04\/003.Kleiderschrank-vierteilig-120x90.jpeg 120w, https:\/\/cms.glasdesign-wieland.de\/wp-content\/uploads\/2022\/04\/003.Kleiderschrank-vierteilig.jpeg 1181w\" sizes=\"auto, (max-width: 300px) 100vw, 300px\" \/><\/a>\n\t\t\t<\/dt>\n\t\t\t\t<dd class='wp-caption-text gallery-caption' id='gallery-1-97'>\n\t\t\t\tKleiderschrank vierteilig\n\t\t\t\t<\/dd><\/dl><br style=\"clear: both\" \/><dl class='gallery-item'>\n\t\t\t<dt class='gallery-icon landscape'>\n\t\t\t\t<a href='https:\/\/cms.glasdesign-wieland.de\/wp-content\/uploads\/2022\/04\/004.Ganzglasschiebetueren.jpeg'><img loading=\"lazy\" decoding=\"async\" width=\"300\" height=\"225\" src=\"https:\/\/cms.glasdesign-wieland.de\/wp-content\/uploads\/2022\/04\/004.Ganzglasschiebetueren-300x225.jpeg\" class=\"attachment-medium size-medium\" alt=\"\" aria-describedby=\"gallery-1-98\" srcset=\"https:\/\/cms.glasdesign-wieland.de\/wp-content\/uploads\/2022\/04\/004.Ganzglasschiebetueren-300x225.jpeg 300w, https:\/\/cms.glasdesign-wieland.de\/wp-content\/uploads\/2022\/04\/004.Ganzglasschiebetueren-120x90.jpeg 120w, https:\/\/cms.glasdesign-wieland.de\/wp-content\/uploads\/2022\/04\/004.Ganzglasschiebetueren.jpeg 400w\" sizes=\"auto, (max-width: 300px) 100vw, 300px\" \/><\/a>\n\t\t\t<\/dt>\n\t\t\t\t<dd class='wp-caption-text gallery-caption' id='gallery-1-98'>\n\t\t\t\tGanzglasschiebet\u00fcren\n\t\t\t\t<\/dd><\/dl><dl class='gallery-item'>\n\t\t\t<dt class='gallery-icon landscape'>\n\t\t\t\t<a href='https:\/\/cms.glasdesign-wieland.de\/wp-content\/uploads\/2022\/04\/007.Syncro-Schiebetuere.jpg'><img loading=\"lazy\" decoding=\"async\" width=\"300\" height=\"226\" src=\"https:\/\/cms.glasdesign-wieland.de\/wp-content\/uploads\/2022\/04\/007.Syncro-Schiebetuere-300x226.jpg\" class=\"attachment-medium size-medium\" alt=\"\" aria-describedby=\"gallery-1-99\" srcset=\"https:\/\/cms.glasdesign-wieland.de\/wp-content\/uploads\/2022\/04\/007.Syncro-Schiebetuere-300x226.jpg 300w, https:\/\/cms.glasdesign-wieland.de\/wp-content\/uploads\/2022\/04\/007.Syncro-Schiebetuere-1024x773.jpg 1024w, https:\/\/cms.glasdesign-wieland.de\/wp-content\/uploads\/2022\/04\/007.Syncro-Schiebetuere-768x579.jpg 768w, https:\/\/cms.glasdesign-wieland.de\/wp-content\/uploads\/2022\/04\/007.Syncro-Schiebetuere-120x90.jpg 120w, https:\/\/cms.glasdesign-wieland.de\/wp-content\/uploads\/2022\/04\/007.Syncro-Schiebetuere.jpg 1181w\" sizes=\"auto, (max-width: 300px) 100vw, 300px\" \/><\/a>\n\t\t\t<\/dt>\n\t\t\t\t<dd class='wp-caption-text gallery-caption' id='gallery-1-99'>\n\t\t\t\tSyncro-Schiebet\u00fcre\n\t\t\t\t<\/dd><\/dl><dl class='gallery-item'>\n\t\t\t<dt class='gallery-icon landscape'>\n\t\t\t\t<a href='https:\/\/cms.glasdesign-wieland.de\/wp-content\/uploads\/2023\/01\/2023_Pendeltuere_galerie_v1.jpg'><img loading=\"lazy\" decoding=\"async\" width=\"300\" height=\"226\" src=\"https:\/\/cms.glasdesign-wieland.de\/wp-content\/uploads\/2023\/01\/2023_Pendeltuere_galerie_v1-300x226.jpg\" class=\"attachment-medium size-medium\" alt=\"\" aria-describedby=\"gallery-1-225\" srcset=\"https:\/\/cms.glasdesign-wieland.de\/wp-content\/uploads\/2023\/01\/2023_Pendeltuere_galerie_v1-300x226.jpg 300w, https:\/\/cms.glasdesign-wieland.de\/wp-content\/uploads\/2023\/01\/2023_Pendeltuere_galerie_v1-1024x773.jpg 1024w, https:\/\/cms.glasdesign-wieland.de\/wp-content\/uploads\/2023\/01\/2023_Pendeltuere_galerie_v1-768x579.jpg 768w, https:\/\/cms.glasdesign-wieland.de\/wp-content\/uploads\/2023\/01\/2023_Pendeltuere_galerie_v1-120x90.jpg 120w, https:\/\/cms.glasdesign-wieland.de\/wp-content\/uploads\/2023\/01\/2023_Pendeltuere_galerie_v1.jpg 1181w\" sizes=\"auto, (max-width: 300px) 100vw, 300px\" \/><\/a>\n\t\t\t<\/dt>\n\t\t\t\t<dd class='wp-caption-text gallery-caption' id='gallery-1-225'>\n\t\t\t\tPendelt\u00fcre\n\t\t\t\t<\/dd><\/dl><br style=\"clear: both\" \/><dl class='gallery-item'>\n\t\t\t<dt class='gallery-icon portrait'>\n\t\t\t\t<a href='https:\/\/cms.glasdesign-wieland.de\/wp-content\/uploads\/2023\/02\/IMG_7212-1-scaled.jpeg'><img loading=\"lazy\" decoding=\"async\" width=\"225\" height=\"300\" src=\"https:\/\/cms.glasdesign-wieland.de\/wp-content\/uploads\/2023\/02\/IMG_7212-1-225x300.jpeg\" class=\"attachment-medium size-medium\" alt=\"\" aria-describedby=\"gallery-1-245\" srcset=\"https:\/\/cms.glasdesign-wieland.de\/wp-content\/uploads\/2023\/02\/IMG_7212-1-225x300.jpeg 225w, https:\/\/cms.glasdesign-wieland.de\/wp-content\/uploads\/2023\/02\/IMG_7212-1-768x1024.jpeg 768w, https:\/\/cms.glasdesign-wieland.de\/wp-content\/uploads\/2023\/02\/IMG_7212-1-1152x1536.jpeg 1152w, https:\/\/cms.glasdesign-wieland.de\/wp-content\/uploads\/2023\/02\/IMG_7212-1-1536x2048.jpeg 1536w, https:\/\/cms.glasdesign-wieland.de\/wp-content\/uploads\/2023\/02\/IMG_7212-1-scaled.jpeg 1920w\" sizes=\"auto, (max-width: 225px) 100vw, 225px\" \/><\/a>\n\t\t\t<\/dt>\n\t\t\t\t<dd class='wp-caption-text gallery-caption' id='gallery-1-245'>\n\t\t\t\tGlast\u00fcre\n\t\t\t\t<\/dd><\/dl><dl class='gallery-item'>\n\t\t\t<dt class='gallery-icon portrait'>\n\t\t\t\t<a href='https:\/\/cms.glasdesign-wieland.de\/wp-content\/uploads\/2023\/02\/IMG_7200-1-scaled.jpeg'><img loading=\"lazy\" decoding=\"async\" width=\"225\" height=\"300\" src=\"https:\/\/cms.glasdesign-wieland.de\/wp-content\/uploads\/2023\/02\/IMG_7200-1-225x300.jpeg\" class=\"attachment-medium size-medium\" alt=\"\" aria-describedby=\"gallery-1-244\" srcset=\"https:\/\/cms.glasdesign-wieland.de\/wp-content\/uploads\/2023\/02\/IMG_7200-1-225x300.jpeg 225w, https:\/\/cms.glasdesign-wieland.de\/wp-content\/uploads\/2023\/02\/IMG_7200-1-768x1024.jpeg 768w, https:\/\/cms.glasdesign-wieland.de\/wp-content\/uploads\/2023\/02\/IMG_7200-1-1152x1536.jpeg 1152w, https:\/\/cms.glasdesign-wieland.de\/wp-content\/uploads\/2023\/02\/IMG_7200-1-1536x2048.jpeg 1536w, https:\/\/cms.glasdesign-wieland.de\/wp-content\/uploads\/2023\/02\/IMG_7200-1-scaled.jpeg 1920w\" sizes=\"auto, (max-width: 225px) 100vw, 225px\" \/><\/a>\n\t\t\t<\/dt>\n\t\t\t\t<dd class='wp-caption-text gallery-caption' id='gallery-1-244'>\n\t\t\t\tGlast\u00fcre aus Milchglas\n\t\t\t\t<\/dd><\/dl>\n\t\t\t<br style='clear: both' \/>\n\t\t<\/div>\n\n","protected":false},"excerpt":{"rendered":"<p>Transparente Eleganz f\u00fcr Ihr Zuhause Exklusive Auswahl an hochwertigen Glast\u00fcren, die durch Transparenz und Eleganz \u00fcberzeugen. Von modernen Entw\u00fcrfen bis hin zu zeitlosen Klassikern \u2013 bei uns finden Sie die perfekte Glasl\u00f6sung f\u00fcr Ihr individuelles Ambiente. Schiebet\u00fcren mit Stil Ob als stilvolle Raumtrenner, platzsparende L\u00f6sungen oder beeindruckende Gestaltungselemente \u2013 unsere Schiebet\u00fcren setzen Akzente und verleihen&hellip;<\/p>\n","protected":false},"author":1,"featured_media":0,"parent":0,"menu_order":1,"comment_status":"closed","ping_status":"closed","template":"","meta":{"footnotes":""},"class_list":["post-23","page","type-page","status-publish","hentry"],"yoast_head":"<!-- This site is optimized with the Yoast SEO plugin v27.6 - https:\/\/yoast.com\/product\/yoast-seo-wordpress\/ -->\n<title>T\u00fcren - Glasdesign-Wieland<\/title>\n<meta name=\"robots\" content=\"index, follow, max-snippet:-1, max-image-preview:large, max-video-preview:-1\" \/>\n<link rel=\"canonical\" href=\"https:\/\/cms.glasdesign-wieland.de\/?page_id=23\" \/>\n<meta property=\"og:locale\" content=\"de_DE\" \/>\n<meta property=\"og:type\" content=\"article\" \/>\n<meta property=\"og:title\" content=\"T\u00fcren - Glasdesign-Wieland\" \/>\n<meta property=\"og:description\" content=\"Transparente Eleganz f\u00fcr Ihr Zuhause Exklusive Auswahl an hochwertigen Glast\u00fcren, die durch Transparenz und Eleganz \u00fcberzeugen. Von modernen Entw\u00fcrfen bis hin zu zeitlosen Klassikern \u2013 bei uns finden Sie die perfekte Glasl\u00f6sung f\u00fcr Ihr individuelles Ambiente. Schiebet\u00fcren mit Stil Ob als stilvolle Raumtrenner, platzsparende L\u00f6sungen oder beeindruckende Gestaltungselemente \u2013 unsere Schiebet\u00fcren setzen Akzente und verleihen&hellip;\" \/>\n<meta property=\"og:url\" content=\"https:\/\/cms.glasdesign-wieland.de\/?page_id=23\" \/>\n<meta property=\"og:site_name\" content=\"Glasdesign-Wieland\" \/>\n<meta property=\"article:modified_time\" content=\"2024-07-18T12:37:04+00:00\" \/>\n<meta property=\"og:image\" content=\"https:\/\/cms.glasdesign-wieland.de\/wp-content\/uploads\/2022\/04\/001.5-teilige-Schiebetuer-300x225.jpg\" \/>\n<meta name=\"twitter:card\" content=\"summary_large_image\" \/>\n<meta name=\"twitter:label1\" content=\"Gesch\u00e4tzte Lesezeit\" \/>\n\t<meta name=\"twitter:data1\" content=\"1\u00a0Minute\" \/>\n<script type=\"application\/ld+json\" class=\"yoast-schema-graph\">{\"@context\":\"https:\\\/\\\/schema.org\",\"@graph\":[{\"@type\":\"WebPage\",\"@id\":\"https:\\\/\\\/cms.glasdesign-wieland.de\\\/?page_id=23\",\"url\":\"https:\\\/\\\/cms.glasdesign-wieland.de\\\/?page_id=23\",\"name\":\"T\u00fcren - Glasdesign-Wieland\",\"isPartOf\":{\"@id\":\"https:\\\/\\\/cms.glasdesign-wieland.de\\\/#website\"},\"datePublished\":\"2022-04-25T11:31:37+00:00\",\"dateModified\":\"2024-07-18T12:37:04+00:00\",\"breadcrumb\":{\"@id\":\"https:\\\/\\\/cms.glasdesign-wieland.de\\\/?page_id=23#breadcrumb\"},\"inLanguage\":\"de\",\"potentialAction\":[{\"@type\":\"ReadAction\",\"target\":[\"https:\\\/\\\/cms.glasdesign-wieland.de\\\/?page_id=23\"]}]},{\"@type\":\"BreadcrumbList\",\"@id\":\"https:\\\/\\\/cms.glasdesign-wieland.de\\\/?page_id=23#breadcrumb\",\"itemListElement\":[{\"@type\":\"ListItem\",\"position\":1,\"name\":\"Startseite\",\"item\":\"https:\\\/\\\/cms.glasdesign-wieland.de\\\/\"},{\"@type\":\"ListItem\",\"position\":2,\"name\":\"T\u00fcren\"}]},{\"@type\":\"WebSite\",\"@id\":\"https:\\\/\\\/cms.glasdesign-wieland.de\\\/#website\",\"url\":\"https:\\\/\\\/cms.glasdesign-wieland.de\\\/\",\"name\":\"Glasdesign-Wieland\",\"description\":\"GLAS einfach sch\u00f6ner.\",\"potentialAction\":[{\"@type\":\"SearchAction\",\"target\":{\"@type\":\"EntryPoint\",\"urlTemplate\":\"https:\\\/\\\/cms.glasdesign-wieland.de\\\/?s={search_term_string}\"},\"query-input\":{\"@type\":\"PropertyValueSpecification\",\"valueRequired\":true,\"valueName\":\"search_term_string\"}}],\"inLanguage\":\"de\"}]}<\/script>\n<!-- \/ Yoast SEO plugin. -->","yoast_head_json":{"title":"T\u00fcren - Glasdesign-Wieland","robots":{"index":"index","follow":"follow","max-snippet":"max-snippet:-1","max-image-preview":"max-image-preview:large","max-video-preview":"max-video-preview:-1"},"canonical":"https:\/\/cms.glasdesign-wieland.de\/?page_id=23","og_locale":"de_DE","og_type":"article","og_title":"T\u00fcren - Glasdesign-Wieland","og_description":"Transparente Eleganz f\u00fcr Ihr Zuhause Exklusive Auswahl an hochwertigen Glast\u00fcren, die durch Transparenz und Eleganz \u00fcberzeugen. Von modernen Entw\u00fcrfen bis hin zu zeitlosen Klassikern \u2013 bei uns finden Sie die perfekte Glasl\u00f6sung f\u00fcr Ihr individuelles Ambiente. Schiebet\u00fcren mit Stil Ob als stilvolle Raumtrenner, platzsparende L\u00f6sungen oder beeindruckende Gestaltungselemente \u2013 unsere Schiebet\u00fcren setzen Akzente und verleihen&hellip;","og_url":"https:\/\/cms.glasdesign-wieland.de\/?page_id=23","og_site_name":"Glasdesign-Wieland","article_modified_time":"2024-07-18T12:37:04+00:00","og_image":[{"url":"https:\/\/cms.glasdesign-wieland.de\/wp-content\/uploads\/2022\/04\/001.5-teilige-Schiebetuer-300x225.jpg","type":"","width":"","height":""}],"twitter_card":"summary_large_image","twitter_misc":{"Gesch\u00e4tzte Lesezeit":"1\u00a0Minute"},"schema":{"@context":"https:\/\/schema.org","@graph":[{"@type":"WebPage","@id":"https:\/\/cms.glasdesign-wieland.de\/?page_id=23","url":"https:\/\/cms.glasdesign-wieland.de\/?page_id=23","name":"T\u00fcren - Glasdesign-Wieland","isPartOf":{"@id":"https:\/\/cms.glasdesign-wieland.de\/#website"},"datePublished":"2022-04-25T11:31:37+00:00","dateModified":"2024-07-18T12:37:04+00:00","breadcrumb":{"@id":"https:\/\/cms.glasdesign-wieland.de\/?page_id=23#breadcrumb"},"inLanguage":"de","potentialAction":[{"@type":"ReadAction","target":["https:\/\/cms.glasdesign-wieland.de\/?page_id=23"]}]},{"@type":"BreadcrumbList","@id":"https:\/\/cms.glasdesign-wieland.de\/?page_id=23#breadcrumb","itemListElement":[{"@type":"ListItem","position":1,"name":"Startseite","item":"https:\/\/cms.glasdesign-wieland.de\/"},{"@type":"ListItem","position":2,"name":"T\u00fcren"}]},{"@type":"WebSite","@id":"https:\/\/cms.glasdesign-wieland.de\/#website","url":"https:\/\/cms.glasdesign-wieland.de\/","name":"Glasdesign-Wieland","description":"GLAS einfach sch\u00f6ner.","potentialAction":[{"@type":"SearchAction","target":{"@type":"EntryPoint","urlTemplate":"https:\/\/cms.glasdesign-wieland.de\/?s={search_term_string}"},"query-input":{"@type":"PropertyValueSpecification","valueRequired":true,"valueName":"search_term_string"}}],"inLanguage":"de"}]}},"_links":{"self":[{"href":"https:\/\/cms.glasdesign-wieland.de\/index.php?rest_route=\/wp\/v2\/pages\/23","targetHints":{"allow":["GET"]}}],"collection":[{"href":"https:\/\/cms.glasdesign-wieland.de\/index.php?rest_route=\/wp\/v2\/pages"}],"about":[{"href":"https:\/\/cms.glasdesign-wieland.de\/index.php?rest_route=\/wp\/v2\/types\/page"}],"author":[{"embeddable":true,"href":"https:\/\/cms.glasdesign-wieland.de\/index.php?rest_route=\/wp\/v2\/users\/1"}],"replies":[{"embeddable":true,"href":"https:\/\/cms.glasdesign-wieland.de\/index.php?rest_route=%2Fwp%2Fv2%2Fcomments&post=23"}],"version-history":[{"count":15,"href":"https:\/\/cms.glasdesign-wieland.de\/index.php?rest_route=\/wp\/v2\/pages\/23\/revisions"}],"predecessor-version":[{"id":369,"href":"https:\/\/cms.glasdesign-wieland.de\/index.php?rest_route=\/wp\/v2\/pages\/23\/revisions\/369"}],"wp:attachment":[{"href":"https:\/\/cms.glasdesign-wieland.de\/index.php?rest_route=%2Fwp%2Fv2%2Fmedia&parent=23"}],"curies":[{"name":"wp","href":"https:\/\/api.w.org\/{rel}","templated":true}]}}